{"id":818,"date":"2020-10-22T19:43:40","date_gmt":"2020-10-22T19:43:40","guid":{"rendered":"https:\/\/rainforestguate.com\/rfg\/?page_id=818"},"modified":"2020-10-22T19:51:49","modified_gmt":"2020-10-22T19:51:49","slug":"transporte-2","status":"publish","type":"page","link":"https:\/\/rainforestguate.com\/rfg\/transporte-2\/","title":{"rendered":"Transporte"},"content":{"rendered":"\t\t<div data-elementor-type=\"wp-page\" data-elementor-id=\"818\" class=\"elementor elementor-818\">\n\t\t\t\t\t\t<section class=\"elementor-section elementor-top-section elementor-element elementor-element-bb24ba9 elementor-section-boxed elementor-section-height-default elementor-section-height-default\" data-id=\"bb24ba9\" data-element_type=\"section\" data-e-type=\"section\">\n\t\t\t\t\t\t<div class=\"elementor-container elementor-column-gap-default\">\n\t\t\t\t\t<div class=\"elementor-column elementor-col-33 elementor-top-column elementor-element elementor-element-072c6bd\" data-id=\"072c6bd\" data-element_type=\"column\" data-e-type=\"column\">\n\t\t\t<div class=\"elementor-widget-wrap elementor-element-populated\">\n\t\t\t\t\t\t<div class=\"elementor-element elementor-element-84b0e20 elementor-widget elementor-widget-image\" data-id=\"84b0e20\" data-element_type=\"widget\" data-e-type=\"widget\" data-widget_type=\"image.default\">\n\t\t\t\t<div class=\"elementor-widget-container\">\n\t\t\t\t\t\t\t\t\t\t\t\t\t\t\t<img decoding=\"async\" src=\"https:\/\/rainforestguate.com\/rfg\/wp-content\/uploads\/2020\/10\/Transporte.jpg\" title=\"\" alt=\"\" loading=\"lazy\" \/>\t\t\t\t\t\t\t\t\t\t\t\t\t\t\t<\/div>\n\t\t\t\t<\/div>\n\t\t\t\t\t<\/div>\n\t\t<\/div>\n\t\t\t\t<div class=\"elementor-column elementor-col-33 elementor-top-column elementor-element elementor-element-86b426a\" data-id=\"86b426a\" data-element_type=\"column\" data-e-type=\"column\">\n\t\t\t<div class=\"elementor-widget-wrap elementor-element-populated\">\n\t\t\t\t\t\t<div class=\"elementor-element elementor-element-b936ea7 elementor-widget elementor-widget-image\" data-id=\"b936ea7\" data-element_type=\"widget\" data-e-type=\"widget\" data-widget_type=\"image.default\">\n\t\t\t\t<div class=\"elementor-widget-container\">\n\t\t\t\t\t\t\t\t\t\t\t\t\t\t\t<img decoding=\"async\" src=\"https:\/\/rainforestguate.com\/rfg\/wp-content\/uploads\/2020\/10\/Transporte-2.jpg\" title=\"\" alt=\"\" loading=\"lazy\" \/>\t\t\t\t\t\t\t\t\t\t\t\t\t\t\t<\/div>\n\t\t\t\t<\/div>\n\t\t\t\t\t<\/div>\n\t\t<\/div>\n\t\t\t\t<div class=\"elementor-column elementor-col-33 elementor-top-column elementor-element elementor-element-6d12263\" data-id=\"6d12263\" data-element_type=\"column\" data-e-type=\"column\">\n\t\t\t<div class=\"elementor-widget-wrap elementor-element-populated\">\n\t\t\t\t\t\t<div class=\"elementor-element elementor-element-60f5e2b elementor-widget elementor-widget-image\" data-id=\"60f5e2b\" data-element_type=\"widget\" data-e-type=\"widget\" data-widget_type=\"image.default\">\n\t\t\t\t<div class=\"elementor-widget-container\">\n\t\t\t\t\t\t\t\t\t\t\t\t\t\t\t<img decoding=\"async\" src=\"https:\/\/rainforestguate.com\/rfg\/wp-content\/uploads\/2020\/10\/Transporte-1.jpg\" title=\"\" alt=\"\" loading=\"lazy\" \/>\t\t\t\t\t\t\t\t\t\t\t\t\t\t\t<\/div>\n\t\t\t\t<\/div>\n\t\t\t\t\t<\/div>\n\t\t<\/div>\n\t\t\t\t\t<\/div>\n\t\t<\/section>\n\t\t\t\t<section class=\"elementor-section elementor-top-section elementor-element elementor-element-4cd4f90 elementor-section-boxed elementor-section-height-default elementor-section-height-default\" data-id=\"4cd4f90\" data-element_type=\"section\" data-e-type=\"section\">\n\t\t\t\t\t\t<div class=\"elementor-container elementor-column-gap-default\">\n\t\t\t\t\t<div class=\"elementor-column elementor-col-100 elementor-top-column elementor-element elementor-element-c78edba\" data-id=\"c78edba\" data-element_type=\"column\" data-e-type=\"column\">\n\t\t\t<div class=\"elementor-widget-wrap elementor-element-populated\">\n\t\t\t\t\t\t<div class=\"elementor-element elementor-element-c579d89 elementor-widget elementor-widget-heading\" data-id=\"c579d89\" data-element_type=\"widget\" data-e-type=\"widget\" data-widget_type=\"heading.default\">\n\t\t\t\t<div class=\"elementor-widget-container\">\n\t\t\t\t\t<h2 class=\"elementor-heading-title elementor-size-default\">transporte<\/h2>\t\t\t\t<\/div>\n\t\t\t\t<\/div>\n\t\t\t\t\t<\/div>\n\t\t<\/div>\n\t\t\t\t\t<\/div>\n\t\t<\/section>\n\t\t\t\t<section class=\"elementor-section elementor-top-section elementor-element elementor-element-671d82c elementor-section-boxed elementor-section-height-default elementor-section-height-default\" data-id=\"671d82c\" data-element_type=\"section\" data-e-type=\"section\">\n\t\t\t\t\t\t<div class=\"elementor-container elementor-column-gap-default\">\n\t\t\t\t\t<div class=\"elementor-column elementor-col-100 elementor-top-column elementor-element elementor-element-91c381a\" data-id=\"91c381a\" data-element_type=\"column\" data-e-type=\"column\">\n\t\t\t<div class=\"elementor-widget-wrap elementor-element-populated\">\n\t\t\t\t\t\t<section class=\"elementor-section elementor-inner-section elementor-element elementor-element-e8f3cc3 elementor-section-boxed elementor-section-height-default elementor-section-height-default\" data-id=\"e8f3cc3\" data-element_type=\"section\" data-e-type=\"section\">\n\t\t\t\t\t\t<div class=\"elementor-container elementor-column-gap-default\">\n\t\t\t\t\t<div class=\"elementor-column elementor-col-100 elementor-inner-column elementor-element elementor-element-c35743a\" data-id=\"c35743a\" data-element_type=\"column\" data-e-type=\"column\">\n\t\t\t<div class=\"elementor-widget-wrap elementor-element-populated\">\n\t\t\t\t\t\t<div class=\"elementor-element elementor-element-c25b17c elementor-widget elementor-widget-text-editor\" data-id=\"c25b17c\" data-element_type=\"widget\" data-e-type=\"widget\" data-widget_type=\"text-editor.default\">\n\t\t\t\t<div class=\"elementor-widget-container\">\n\t\t\t\t\t\t\t\t\t<p><\/p>\n<h3 class=\"wp-block-heading\"><strong>TRANSPORTE EN SERVICIOS COMPARTIDOS<\/strong><\/h3>\n<p><\/p>\n<p><\/p>\n<p>Es un servicio \u201cpuerta a puerta\u201d, es decir, del Hotel dentro de La Antigua Guatemala hacia: el Aeropuerto Nacional o Internacional, Hoteles ubicados en Zonas 9, 10 y Estaci\u00f3n L\u00ednea Dorada en la Zona 1.\u00a0 Los servicios se prestan en los siguientes Horarios sujetos a disponibilidad.<strong style=\"font-size: 16px;\">\u00a0<\/strong><\/p>\n<p><\/p>\t\t\t\t\t\t\t\t<\/div>\n\t\t\t\t<\/div>\n\t\t\t\t\t<\/div>\n\t\t<\/div>\n\t\t\t\t\t<\/div>\n\t\t<\/section>\n\t\t\t\t\t<\/div>\n\t\t<\/div>\n\t\t\t\t\t<\/div>\n\t\t<\/section>\n\t\t\t\t<section class=\"elementor-section elementor-top-section elementor-element elementor-element-1868887 elementor-section-boxed elementor-section-height-default elementor-section-height-default\" data-id=\"1868887\" data-element_type=\"section\" data-e-type=\"section\">\n\t\t\t\t\t\t<div class=\"elementor-container elementor-column-gap-default\">\n\t\t\t\t\t<div class=\"elementor-column elementor-col-100 elementor-top-column elementor-element elementor-element-91f8829\" data-id=\"91f8829\" data-element_type=\"column\" data-e-type=\"column\">\n\t\t\t<div class=\"elementor-widget-wrap elementor-element-populated\">\n\t\t\t\t\t\t<section class=\"elementor-section elementor-inner-section elementor-element elementor-element-c11d8e9 elementor-section-boxed elementor-section-height-default elementor-section-height-default\" data-id=\"c11d8e9\" data-element_type=\"section\" data-e-type=\"section\">\n\t\t\t\t\t\t<div class=\"elementor-container elementor-column-gap-default\">\n\t\t\t\t\t<div class=\"elementor-column elementor-col-50 elementor-inner-column elementor-element elementor-element-474a342\" data-id=\"474a342\" data-element_type=\"column\" data-e-type=\"column\">\n\t\t\t<div class=\"elementor-widget-wrap elementor-element-populated\">\n\t\t\t\t\t\t<div class=\"elementor-element elementor-element-d45ed92 elementor-widget elementor-widget-text-editor\" data-id=\"d45ed92\" data-element_type=\"widget\" data-e-type=\"widget\" data-widget_type=\"text-editor.default\">\n\t\t\t\t<div class=\"elementor-widget-container\">\n\t\t\t\t\t\t\t\t\t<p><\/p>\n<h3 class=\"wp-block-heading\"><strong style=\"font-size: 1.25rem;\"><u>ANTIGUA\/GUATEMALA<\/u><\/strong><\/h3>\n<p><\/p>\n<p><\/p>\n<ul class=\"wp-block-list\">\n<li>Horario: 4:00 am &#8211; 7:30 am &#8211; 9:00 am &#8211; 11:00 am &#8211; 12:30 pm &#8211; 3:00 pm &#8211; 7:00 pm.<\/li>\n<li><strong>Precio NETO por persona USD $ 15.00.<\/strong><\/li>\n<\/ul>\n<p><\/p>\n<p><\/p>\n<h4 class=\"wp-block-heading\"><strong><u>GUATEMALA\/ANTIGUA<\/u><\/strong><\/h4>\n<p><\/p>\n<p><\/p>\n<ul class=\"wp-block-list\">\n<li>Horario: 6:30 am &#8211; 9:30 am &#8211; 11:00 am &#8211; 2:00 pm &#8211; 7:15 pm.<\/li>\n<li><strong>Precio NETO por persona USD $ 15.00.<\/strong><\/li>\n<\/ul>\n<p><\/p>\n<p><\/p>\n<h4 class=\"wp-block-heading\"><strong><u>ANTIGUA\/PANAJACHEL<\/u><\/strong><\/h4>\n<p><\/p>\n<p><\/p>\n<ul class=\"wp-block-list\">\n<li>Lunes, martes, mi\u00e9rcoles, viernes, s\u00e1bado.<\/li>\n<li>Horario: 6:30 am &#8211; 8:00 am &#8211; 12:30 pm &#8211; 4:00 pm.<\/li>\n<li><strong>Domingo y jueves.<\/strong><\/li>\n<li>Horario 7:00 am \u2013 12:30 pm \u2013 4:00 pm.<\/li>\n<li><strong>Precio NETO por persona USD $ 18.00.<\/strong><\/li>\n<\/ul>\n<p><\/p>\n<p><\/p>\n<h4 class=\"wp-block-heading\"><strong><u>PANAJACHEL\/ANTIGUA<\/u><\/strong><\/h4>\n<p><\/p>\n<p><\/p>\n<ul class=\"wp-block-list\">\n<li>Horario: 6:00 am &#8211; 9:30 am &#8211; 12:00 pm &#8211; 4:00 pm.<\/li>\n<li><strong>Precio NETO por persona USD $ 18.00.<\/strong><\/li>\n<\/ul>\n<p><\/p>\n<p><\/p>\n<h4 class=\"wp-block-heading\"><strong><u>ANTIGUA\/CHICHICASTENANGO<\/u><\/strong><u><\/u><\/h4>\n<p><\/p>\n<p><\/p>\n<ul class=\"wp-block-list\">\n<li>Horario: 7:00 am &#8211; Jueves y Domingo<\/li>\n<li><strong>Precio NETO por persona USD $ 18.00.<\/strong><\/li>\n<\/ul>\n<p><\/p>\n<p><\/p>\n<h4 class=\"wp-block-heading\"><strong><u>CHICHICASTENANGO\/ANTIGUA<\/u><\/strong><\/h4>\n<p><\/p>\n<p><\/p>\n<ul class=\"wp-block-list\">\n<li>Horario: 2:00 pm &#8211; Jueves y Domingo<\/li>\n<li><strong>Precio NETO por persona USD $ 18.00.<\/strong><\/li>\n<\/ul>\n<p><\/p>\n<p><\/p>\n<h4 class=\"wp-block-heading\"><strong><u>GUATEMALA\/PANAJACHEL<\/u><\/strong><\/h4>\n<p><\/p>\n<p><\/p>\n<ul class=\"wp-block-list\">\n<li>Horario: 6:30 am &#8211; 11:00 am &#8211; 2:00 pm.<\/li>\n<li><strong>Precio NETO por persona USD $ 35.00.<\/strong><\/li>\n<\/ul>\n<p><\/p>\n<p><\/p>\n<h4 class=\"wp-block-heading\"><strong><u>PANAJACHEL\/GUATEMALA<\/u><\/strong><\/h4>\n<p><\/p>\n<p><\/p>\n<ul class=\"wp-block-list\">\n<li>Horario: 9:30 am &#8211; 12:00 pm &#8211; 16:00 pm.<\/li>\n<li><strong>Precio NETO por persona USD $ 35.00.<\/strong><\/li>\n<\/ul>\n<p><\/p>\n<p><\/p>\n<h4 class=\"wp-block-heading\"><strong><u>GUATEMALA\/CHICHICASTENANGO<\/u><\/strong><\/h4>\n<p><\/p>\n<p><\/p>\n<ul class=\"wp-block-list\">\n<li>Horario: 6:30 am &#8211; Jueves y Domingo.<\/li>\n<li><strong>Precio NETO por persona USD $ 35.00.<\/strong><\/li>\n<\/ul>\n<p><\/p>\n<p><\/p>\n<h4 class=\"wp-block-heading\"><strong><u>CHICHICASTENANGO\/GUATEMALA<\/u><\/strong><\/h4>\n<p><\/p>\n<p><\/p>\n<ul class=\"wp-block-list\">\n<li>Horario: 2:00 pm &#8211; Jueves y Domingo<\/li>\n<li><strong>Precio NETO por persona USD $ 35.00.<\/strong><\/li>\n<\/ul>\n<p><\/p>\n<p><\/p>\n<h4 class=\"wp-block-heading\"><strong><u>PANAJACHEL\/CHICHICASTENANGO<\/u><\/strong><\/h4>\n<p><\/p>\n<p><\/p>\n<ul class=\"wp-block-list\">\n<li>Horario: 8:00 am &#8211; Jueves y Domingo<\/li>\n<li><strong>Precio NETO por persona USD $ 15.00.<\/strong><\/li>\n<\/ul>\n<p><\/p>\n<p><\/p>\n<h4 class=\"wp-block-heading\"><strong><u>CHICHICASTENANGO\/PANAJACHEL<\/u><\/strong><\/h4>\n<p><\/p>\n<p><\/p>\n<ul class=\"wp-block-list\">\n<li>Horario: 2:00 pm &#8211; Jueves y Domingo<\/li>\n<li><strong>Precio NETO por persona USD $ 15.00.<\/strong><\/li>\n<\/ul>\n<p><\/p>\t\t\t\t\t\t\t\t<\/div>\n\t\t\t\t<\/div>\n\t\t\t\t\t<\/div>\n\t\t<\/div>\n\t\t\t\t<div class=\"elementor-column elementor-col-50 elementor-inner-column elementor-element elementor-element-f6fa8ee\" data-id=\"f6fa8ee\" data-element_type=\"column\" data-e-type=\"column\">\n\t\t\t<div class=\"elementor-widget-wrap elementor-element-populated\">\n\t\t\t\t\t\t<div class=\"elementor-element elementor-element-601c9c9 elementor-widget elementor-widget-text-editor\" data-id=\"601c9c9\" data-element_type=\"widget\" data-e-type=\"widget\" data-widget_type=\"text-editor.default\">\n\t\t\t\t<div class=\"elementor-widget-container\">\n\t\t\t\t\t\t\t\t\t<p><\/p>\n<h3 class=\"wp-block-heading\"><strong style=\"font-size: 1.25rem;\"><u>ANTIGUA\/MONTERRICO<\/u><\/strong><\/h3>\n<p><\/p>\n<p><\/p>\n<ul class=\"wp-block-list\">\n<li>Horario: 8:00 am.<\/li>\n<li><strong>Precio NETO por persona USD $ 25.00.<\/strong><\/li>\n<\/ul>\n<p><\/p>\n<p><\/p>\n<h4 class=\"wp-block-heading\"><strong><u>MONTERRICO\/ANTIGUA<\/u><\/strong><\/h4>\n<p><\/p>\n<p><\/p>\n<ul class=\"wp-block-list\">\n<li>Horario: 4:00 pm.<\/li>\n<li><strong>Precio NETO por persona USD $ 25.00.<\/strong><\/li>\n<\/ul>\n<p><\/p>\n<p><\/p>\n<h4 class=\"wp-block-heading\"><strong><u>ANTIGUA\/COBAN O LANQUIN<\/u><\/strong><\/h4>\n<p><\/p>\n<p><\/p>\n<ul class=\"wp-block-list\">\n<li>Horario: 8:00 am.<\/li>\n<li><strong>Precio NETO por persona USD $ 45.00.<\/strong><\/li>\n<\/ul>\n<p><\/p>\n<p><\/p>\n<h4 class=\"wp-block-heading\"><strong><u>LANQUIN\/ANTIGUA<\/u><\/strong><\/h4>\n<p><\/p>\n<p><\/p>\n<ul class=\"wp-block-list\">\n<li>Horario: 8:00 am.<\/li>\n<li><strong>Precio NETO por persona USD $ 45.00.<\/strong><\/li>\n<\/ul>\n<p><\/p>\n<p><\/p>\n<h4 class=\"wp-block-heading\"><strong><u>COBAN\/ANTIGUA<\/u><\/strong><\/h4>\n<p><\/p>\n<p><\/p>\n<ul class=\"wp-block-list\">\n<li>Horario: 10:30 am.\u00a0<\/li>\n<li><strong>Precio NETO por persona USD $ 45.00.<\/strong><\/li>\n<\/ul>\n<p><\/p>\n<p><\/p>\n<h4 class=\"wp-block-heading\"><strong><u>ANTIGUA\/QUETZALTENANGO<\/u><\/strong><\/h4>\n<p><\/p>\n<p><\/p>\n<ul class=\"wp-block-list\">\n<li>Horario: 5:30 am \u2013 2:30 pm.<\/li>\n<li><strong>Precio NETO por persona USD $ 45.00.<\/strong><\/li>\n<\/ul>\n<p><\/p>\n<p><\/p>\n<h4 class=\"wp-block-heading\"><strong><u>QUETZALTENANGO\/ANTIGUA<\/u><\/strong><\/h4>\n<p><\/p>\n<p><\/p>\n<ul class=\"wp-block-list\">\n<li>Horario: 8:30 am &#8211; 3:00 pm.<\/li>\n<li><strong>Precio NETO por persona USD $ 45.00.<\/strong><\/li>\n<\/ul>\n<p><\/p>\n<p><\/p>\n<h4 class=\"wp-block-heading\"><strong><u>ANTIGUA\/SAN PEDRO LA LAGUNA<\/u><\/strong><\/h4>\n<p><\/p>\n<p><\/p>\n<ul class=\"wp-block-list\">\n<li>Horario: 8:00 am \u2013 2:00 pm.<\/li>\n<li><strong>Precio NETO por persona USD $ 20.00<\/strong><\/li>\n<\/ul>\n<p><\/p>\n<p><\/p>\n<h4 class=\"wp-block-heading\"><strong><u>SAN PEDRO LA LAGUNA\/ANIGUA<\/u><\/strong><\/h4>\n<p><\/p>\n<p><\/p>\n<ul class=\"wp-block-list\">\n<li>Horario: 7:30 am \u2013 1:30 pm.<\/li>\n<li><strong>Precio NETO por persona USD $ 20.00<\/strong><\/li>\n<\/ul>\n<p><\/p>\n<p><\/p>\n<h4 class=\"wp-block-heading\"><strong><u>ANTIGUA\/SAN CRISTOBAL DE LAS CASAS<\/u><\/strong><\/h4>\n<p><\/p>\n<p><\/p>\n<ul class=\"wp-block-list\">\n<li>Horario: 5:30 am.<\/li>\n<li><strong>Precio NETO por persona USD $ 75.00.<\/strong><\/li>\n<\/ul>\n<p><\/p>\n<p><\/p>\n<h4 class=\"wp-block-heading\"><strong><u>SAN CRISTOBAL DE LAS CASAS\/ANTIGUA<\/u><\/strong><\/h4>\n<p><\/p>\n<p><\/p>\n<ul class=\"wp-block-list\">\n<li>Horario: 7:30 am<\/li>\n<li><strong>Precio NETO por persona USD $ 75.00.<\/strong><\/li>\n<\/ul>\n<p><\/p>\t\t\t\t\t\t\t\t<\/div>\n\t\t\t\t<\/div>\n\t\t\t\t\t<\/div>\n\t\t<\/div>\n\t\t\t\t\t<\/div>\n\t\t<\/section>\n\t\t\t\t\t<\/div>\n\t\t<\/div>\n\t\t\t\t\t<\/div>\n\t\t<\/section>\n\t\t\t\t<section class=\"elementor-section elementor-top-section elementor-element elementor-element-6ce222cd elementor-section-boxed elementor-section-height-default elementor-section-height-default\" data-id=\"6ce222cd\" data-element_type=\"section\" data-e-type=\"section\">\n\t\t\t\t\t\t<div class=\"elementor-container elementor-column-gap-default\">\n\t\t\t\t\t<div class=\"elementor-column elementor-col-100 elementor-top-column elementor-element elementor-element-7aa356df\" data-id=\"7aa356df\" data-element_type=\"column\" data-e-type=\"column\">\n\t\t\t<div class=\"elementor-widget-wrap elementor-element-populated\">\n\t\t\t\t\t\t<div class=\"elementor-element elementor-element-71a593f8 elementor-widget elementor-widget-text-editor\" data-id=\"71a593f8\" data-element_type=\"widget\" data-e-type=\"widget\" data-widget_type=\"text-editor.default\">\n\t\t\t\t<div class=\"elementor-widget-container\">\n\t\t\t\t\t\t\t\t\t<p><\/p>\n<h3 class=\"wp-block-heading\">&nbsp;<strong style=\"font-size: 1.5rem;\">TRANSPORTE PRIVADO<\/strong><\/h3>\n<p><\/p>\n<p><\/p>\n<p>Este servicio se ofrece de manera PRIVADO, y los horarios son dispuestos por el propio cliente.&nbsp; NO se incluye el servicio de piloto biling\u00fce Ingles\/Espa\u00f1ol, o gu\u00eda de turismo.&nbsp; Son tarifas de una v\u00eda.&nbsp; Para tarifas ida y vuelta o renta de veh\u00edculo, favor de consultar.<\/p>\n<p><\/p>\n<p><\/p>\n<p><\/p>\n<p><\/p>\n<ul class=\"wp-block-list\">\n<li>De Antigua hacia Guatemala.<\/li>\n<li>De Guatemala hacia Antigua.<\/li>\n<li><strong>PRECIO 1-4 PERSONAS EN SERVICIOS PRIVADOS&nbsp;&nbsp;&nbsp;&nbsp;&nbsp;&nbsp;&nbsp;&nbsp;&nbsp;&nbsp;&nbsp; USD $ 40.00.<\/strong><\/li>\n<\/ul>\n<p><\/p>\n<p><\/p>\n<ul class=\"wp-block-list\">\n<li>De Antigua hacia Panajachel.<\/li>\n<li>De Panajachel hacia Antigua.<\/li>\n<li><strong>PRECIO 1-4 PERSONAS EN SERVICIOS PRIVADOS &nbsp;&nbsp;&nbsp;&nbsp;&nbsp;&nbsp;&nbsp;&nbsp;&nbsp;&nbsp; USD $ 175.00.<\/strong><\/li>\n<\/ul>\n<p><\/p>\n<p><\/p>\n<ul class=\"wp-block-list\">\n<li>De Antigua hacia Chichicastenango.<\/li>\n<li>De Chichicastenango hacia Antigua.<\/li>\n<li><strong>PRECIO 1-4 PERSONAS EN SERVICIOS PRIVADOS&nbsp;&nbsp;&nbsp;&nbsp;&nbsp;&nbsp;&nbsp;&nbsp;&nbsp;&nbsp;&nbsp; USD $ 175.00.<\/strong><\/li>\n<\/ul>\n<p><\/p>\n<p><\/p>\n<ul class=\"wp-block-list\">\n<li>Combinado Antigua \/ Panajachel \/ Chichicastenango \/ Antigua.<\/li>\n<li><strong>PRECIO 1-4 PERSONAS EN SERVICIOS PRIVADOS &nbsp;&nbsp;&nbsp;&nbsp;&nbsp;&nbsp;&nbsp;&nbsp;&nbsp;&nbsp; USD $ 200.00.<\/strong><\/li>\n<\/ul>\n<p><\/p>\n<p><\/p>\n<ul class=\"wp-block-list\">\n<li>De Guatemala hacia Chichicastenango.<\/li>\n<li>De Chichicastenango hacia Guatemala.<\/li>\n<li><strong>PRECIO 1-4 PERSONAS EN SERVICIOS PRIVADOS&nbsp;&nbsp;&nbsp;&nbsp;&nbsp;&nbsp;&nbsp;&nbsp;&nbsp;&nbsp;&nbsp; USD $ 200.00.<\/strong><\/li>\n<\/ul>\n<p><\/p>\n<p><\/p>\n<ul class=\"wp-block-list\">\n<li>De Panajachel hacia Chichicastenango.<\/li>\n<li>De Chichicastenango hacia Panajachel.<\/li>\n<li><strong>PRECIO 1-4 PERSONAS EN SERVICIOS PRIVADOS&nbsp;&nbsp;&nbsp;&nbsp;&nbsp;&nbsp;&nbsp;&nbsp;&nbsp;&nbsp;&nbsp; USD $ 75.00.<\/strong><\/li>\n<\/ul>\n<p><\/p>\n<p><\/p>\n<ul class=\"wp-block-list\">\n<li>De Antigua hacia Monterrico.<\/li>\n<li>De Monterrico hacia Antigua.<\/li>\n<li><strong>PRECIO 1-4 PERSONAS EN SERVICIOS PRIVADOS&nbsp;&nbsp;&nbsp;&nbsp;&nbsp;&nbsp;&nbsp;&nbsp;&nbsp;&nbsp;&nbsp; USD $ 150.00.<\/strong><\/li>\n<\/ul>\n<p><\/p>\n<p><\/p>\n<ul class=\"wp-block-list\">\n<li>De Antigua hacia Cob\u00e1n.<\/li>\n<li>De Cob\u00e1n hacia Antigua.<\/li>\n<li><strong>PRECIO 1-4 PERSONAS EN SERVICIOS PRIVADOS &nbsp;&nbsp;&nbsp;&nbsp;&nbsp;&nbsp;&nbsp;&nbsp;&nbsp;&nbsp; USD $ 375.00.<\/strong><\/li>\n<\/ul>\n<p><\/p>\t\t\t\t\t\t\t\t<\/div>\n\t\t\t\t<\/div>\n\t\t\t\t\t<\/div>\n\t\t<\/div>\n\t\t\t\t\t<\/div>\n\t\t<\/section>\n\t\t\t\t<\/div>\n\t\t","protected":false},"excerpt":{"rendered":"<p>transporte TRANSPORTE EN SERVICIOS COMPARTIDOS Es un servicio \u201cpuerta a puerta\u201d, es decir, del Hotel dentro de La Antigua Guatemala hacia: el Aeropuerto Nacional o Internacional, Hoteles ubicados en Zonas 9, 10 y Estaci\u00f3n L\u00ednea Dorada en la Zona 1.\u00a0 Los servicios se prestan en los siguientes Horarios sujetos a disponibilidad.\u00a0 ANTIGUA\/GUATEMALA Horario: 4:00 am [&hellip;]<\/p>\n","protected":false},"author":2,"featured_media":0,"parent":0,"menu_order":0,"comment_status":"closed","ping_status":"closed","template":"elementor_header_footer","meta":{"site-sidebar-layout":"default","site-content-layout":"default","ast-site-content-layout":"default","site-content-style":"default","site-sidebar-style":"default","ast-global-header-display":"","ast-banner-title-visibility":"","ast-main-header-display":"","ast-hfb-above-header-display":"","ast-hfb-below-header-display":"","ast-hfb-mobile-header-display":"","site-post-title":"","ast-breadcrumbs-content":"","ast-featured-img":"","footer-sml-layout":"","ast-disable-related-posts":"","theme-transparent-header-meta":"default","adv-header-id-meta":"","stick-header-meta":"","header-above-stick-meta":"","header-main-stick-meta":"","header-below-stick-meta":"","astra-migrate-meta-layouts":"default","ast-page-background-enabled":"default","ast-page-background-meta":{"desktop":{"background-color":"var(--ast-global-color-4)","background-image":"","background-repeat":"repeat","background-position":"center center","background-size":"auto","background-attachment":"scroll","background-type":"","background-media":"","overlay-type":"","overlay-color":"","overlay-opacity":"","overlay-gradient":""},"tablet":{"background-color":"","background-image":"","background-repeat":"repeat","background-position":"center center","background-size":"auto","background-attachment":"scroll","background-type":"","background-media":"","overlay-type":"","overlay-color":"","overlay-opacity":"","overlay-gradient":""},"mobile":{"background-color":"","background-image":"","background-repeat":"repeat","background-position":"center center","background-size":"auto","background-attachment":"scroll","background-type":"","background-media":"","overlay-type":"","overlay-color":"","overlay-opacity":"","overlay-gradient":""}},"ast-content-background-meta":{"desktop":{"background-color":"var(--ast-global-color-5)","background-image":"","background-repeat":"repeat","background-position":"center center","background-size":"auto","background-attachment":"scroll","background-type":"","background-media":"","overlay-type":"","overlay-color":"","overlay-opacity":"","overlay-gradient":""},"tablet":{"background-color":"var(--ast-global-color-5)","background-image":"","background-repeat":"repeat","background-position":"center center","background-size":"auto","background-attachment":"scroll","background-type":"","background-media":"","overlay-type":"","overlay-color":"","overlay-opacity":"","overlay-gradient":""},"mobile":{"background-color":"var(--ast-global-color-5)","background-image":"","background-repeat":"repeat","background-position":"center center","background-size":"auto","background-attachment":"scroll","background-type":"","background-media":"","overlay-type":"","overlay-color":"","overlay-opacity":"","overlay-gradient":""}},"footnotes":""},"class_list":["post-818","page","type-page","status-publish","hentry"],"_links":{"self":[{"href":"https:\/\/rainforestguate.com\/rfg\/wp-json\/wp\/v2\/pages\/818","targetHints":{"allow":["GET"]}}],"collection":[{"href":"https:\/\/rainforestguate.com\/rfg\/wp-json\/wp\/v2\/pages"}],"about":[{"href":"https:\/\/rainforestguate.com\/rfg\/wp-json\/wp\/v2\/types\/page"}],"author":[{"embeddable":true,"href":"https:\/\/rainforestguate.com\/rfg\/wp-json\/wp\/v2\/users\/2"}],"replies":[{"embeddable":true,"href":"https:\/\/rainforestguate.com\/rfg\/wp-json\/wp\/v2\/comments?post=818"}],"version-history":[{"count":3,"href":"https:\/\/rainforestguate.com\/rfg\/wp-json\/wp\/v2\/pages\/818\/revisions"}],"predecessor-version":[{"id":821,"href":"https:\/\/rainforestguate.com\/rfg\/wp-json\/wp\/v2\/pages\/818\/revisions\/821"}],"wp:attachment":[{"href":"https:\/\/rainforestguate.com\/rfg\/wp-json\/wp\/v2\/media?parent=818"}],"curies":[{"name":"wp","href":"https:\/\/api.w.org\/{rel}","templated":true}]}}