{"id":794,"date":"2020-10-22T16:40:11","date_gmt":"2020-10-22T16:40:11","guid":{"rendered":"https:\/\/rainforestguate.com\/rfg\/?page_id=794"},"modified":"2023-01-27T21:25:56","modified_gmt":"2023-01-27T21:25:56","slug":"viajar-con-familia-y-amigos","status":"publish","type":"page","link":"https:\/\/rainforestguate.com\/rfg\/viajar-con-familia-y-amigos\/","title":{"rendered":"Viajar en Familia"},"content":{"rendered":"\t\t<div data-elementor-type=\"wp-page\" data-elementor-id=\"794\" class=\"elementor elementor-794\">\n\t\t\t\t\t\t<section class=\"elementor-section elementor-top-section elementor-element elementor-element-52b106cc elementor-section-boxed elementor-section-height-default elementor-section-height-default\" data-id=\"52b106cc\" data-element_type=\"section\" data-e-type=\"section\">\n\t\t\t\t\t\t<div class=\"elementor-container elementor-column-gap-default\">\n\t\t\t\t\t<div class=\"elementor-column elementor-col-100 elementor-top-column elementor-element elementor-element-3dde787\" data-id=\"3dde787\" data-element_type=\"column\" data-e-type=\"column\">\n\t\t\t<div class=\"elementor-widget-wrap elementor-element-populated\">\n\t\t\t\t\t\t<div class=\"elementor-element elementor-element-dd3ba1a elementor-widget elementor-widget-image\" data-id=\"dd3ba1a\" data-element_type=\"widget\" data-e-type=\"widget\" data-widget_type=\"image.default\">\n\t\t\t\t<div class=\"elementor-widget-container\">\n\t\t\t\t\t\t\t\t\t\t\t\t\t\t\t<img fetchpriority=\"high\" decoding=\"async\" width=\"768\" height=\"432\" src=\"https:\/\/rainforestguate.com\/rfg\/wp-content\/uploads\/2020\/10\/Familia-768x432.jpg\" class=\"attachment-medium_large size-medium_large wp-image-870\" alt=\"\" srcset=\"https:\/\/rainforestguate.com\/rfg\/wp-content\/uploads\/2020\/10\/Familia-768x432.jpg 768w, https:\/\/rainforestguate.com\/rfg\/wp-content\/uploads\/2020\/10\/Familia-300x169.jpg 300w, https:\/\/rainforestguate.com\/rfg\/wp-content\/uploads\/2020\/10\/Familia.jpg 850w\" sizes=\"(max-width: 768px) 100vw, 768px\" \/>\t\t\t\t\t\t\t\t\t\t\t\t\t\t\t<\/div>\n\t\t\t\t<\/div>\n\t\t\t\t<div class=\"elementor-element elementor-element-05f7eec elementor-widget elementor-widget-heading\" data-id=\"05f7eec\" data-element_type=\"widget\" data-e-type=\"widget\" data-widget_type=\"heading.default\">\n\t\t\t\t<div class=\"elementor-widget-container\">\n\t\t\t\t\t<h2 class=\"elementor-heading-title elementor-size-default\">vacaciones en familia<\/h2>\t\t\t\t<\/div>\n\t\t\t\t<\/div>\n\t\t\t\t<div class=\"elementor-element elementor-element-4378fda2 elementor-widget elementor-widget-text-editor\" data-id=\"4378fda2\" data-element_type=\"widget\" data-e-type=\"widget\" data-widget_type=\"text-editor.default\">\n\t\t\t\t<div class=\"elementor-widget-container\">\n\t\t\t\t\t\t\t\t\t\n<h4 class=\"wp-block-heading\"><strong>RFT -59- <\/strong><strong>Visita Familiar \u2013 8 d\u00edas \/ 7 noches.<\/strong><\/h4>\n\n<ul class=\"wp-block-list\">\n<li><strong><u>D\u00eda 1 \u2013 Inicia Lunes.<\/u> <\/strong>\u00a0\u00a0\u00a0Recibimiento en el Aeropuerto Internacional y traslado hacia su Hotel en la ciudad de Guatemala.\u00a0 Resto del d\u00eda libre.\u00a0 Alojamiento.<\/li>\n<li><strong><u>D\u00eda 2<\/u>. <\/strong>\u00a0\u00a0\u00a0Desayuno en el Hotel.\u00a0 A la hora indicada, nuestro piloto les estar\u00e1 buscando en el Hotel para facilitar el traslado hacia el Zool\u00f3gico La Aurora, en donde disfrutar\u00e1n de toda la ma\u00f1ana para visitar y observar los diferentes ambientes.\u00a0 A la hora indicada, les estaremos buscando en el Zool\u00f3gico La Aurora, para trasladarles al parque de diversiones IRTRA \u2013 PETAPA.\u00a0 A su llegada, nuestro piloto les dejar\u00e1 en la entrada principal, para que puedan ingresar.\u00a0 Resto de la tarde libre para que puedan disfrutar del parque.\u00a0 Al finalizar el d\u00eda, en el mismo lugar en donde les dejamos, les estaremos buscando para facilitar el traslado hacia el Hotel.\u00a0 Alojamiento.<\/li>\n<li><strong><u>D\u00eda 3<\/u>. <\/strong>\u00a0\u00a0\u00a0Desayuno en el Hotel.\u00a0 A la hora indicada, les estaremos facilitando el traslado hacia el departamento de Retalhuleu.\u00a0 El tiempo de viaje podr\u00e1 ser de 4 horas aproximadamente.\u00a0 A su llegada, les dejaremos en los \u201cHostales del IRTRA\u201d, en donde se podr\u00e1n registrar.\u00a0 Resto del d\u00eda libre por su cuenta.\u00a0 Alojamiento.<\/li>\n<li><strong><u>D\u00eda 4<\/u>. <\/strong>\u00a0\u00a0\u00a0D\u00eda libre por su cuenta.\u00a0 Sugerimos visitar el Parque Acu\u00e1tico de \u201cXOCOMIL\u201d.\u00a0 Alojamiento.<\/li>\n<li><strong><u>D\u00eda 5<\/u>. <\/strong>\u00a0\u00a0\u00a0D\u00eda libre por su cuenta.\u00a0 Sugerimos visitar el Parque de Atracciones \u201cXETULUL\u201d.\u00a0 Alojamiento.<\/li>\n<li><strong><u>D\u00eda 6<\/u>. <\/strong>\u00a0\u00a0A la hora indicada,\u00a0 finalizando la ma\u00f1ana, nuestro piloto les estar\u00e1 buscando en el Hotel para facilitar el traslado hacia la Antigua Guatemala.\u00a0 El tiempo de viaje podr\u00e1 ser de tres horas y media aproximadamente.\u00a0 Resto de la tarde libre.\u00a0 Alojamiento.<\/li>\n<li><strong><u>D\u00eda 7<\/u>. <\/strong>\u00a0\u00a0Desayuno en el Hotel.\u00a0 D\u00eda libre por su cuenta.\u00a0 Sugerimos poder realizar la visita a la ciudad o bien la visita al Volc\u00e1n Pacaya.\u00a0 Alojamiento.<\/li>\n<li><strong><u>D\u00eda 8<\/u>. <\/strong>\u00a0\u00a0Desayuno en el Hotel.\u00a0 A la hora indicada, nuestro piloto les estar\u00e1 buscando en el Hotel para dar inicio con el traslado que de Antigua les llevar\u00e1 hacia el Aeropuerto Internacional.\u00a0 FIN DE NUESTROS SERVICIOS.<\/li>\n<\/ul>\n<h4><strong>RFT -60- <\/strong><strong>Vacaciones Familiares \u2013 7 d\u00edas \/ 6 noches.<\/strong><\/h4>\n<ul>\n<li><strong><u>D\u00eda 1 \u2013 Inicia Lunes.<\/u><\/strong> \u00a0\u00a0\u00a0Recibimiento en el Aeropuerto Internacional y traslado hacia su Hotel en la ciudad de Guatemala.\u00a0 Resto del d\u00eda libre.\u00a0 Alojamiento.<\/li>\n<li><strong><u>D\u00eda 2<\/u><\/strong><strong>. <\/strong>\u00a0\u00a0\u00a0Desayuno en el Hotel.\u00a0 A la hora indicada, nuestro piloto les estar\u00e1 buscando en el Hotel para facilitar el traslado hacia el Zool\u00f3gico La Aurora, en donde disfrutar\u00e1n de toda la ma\u00f1ana para visitar y observar los diferentes ambientes.\u00a0 A la hora indicada, les estaremos buscando en el Zool\u00f3gico La Aurora, para trasladarles al parque de diversiones IRTRA \u2013 PETAPA.\u00a0 A su llegada, nuestro piloto les dejar\u00e1 en la entrada principal, para que puedan ingresar.\u00a0 Resto de la tarde libre para que puedan disfrutar del parque.\u00a0 Al finalizar el d\u00eda, en el mismo lugar en donde les dejamos, les estaremos buscando para facilitar el traslado hacia la Antigua Guatemala.\u00a0 El tiempo de viaje podr\u00e1 ser de 2 horas debido al tr\u00e1fico que se pueda encontrar en la ruta.\u00a0 Alojamiento.<\/li>\n<li><strong><u>D\u00eda 3<\/u><\/strong><strong>. <\/strong>\u00a0\u00a0\u00a0Desayuno en el Hotel.\u00a0 D\u00eda libre por su cuenta.\u00a0 Sugerimos poder realizar la visita a la ciudad o bien la visita al Volc\u00e1n Pacaya.\u00a0 Alojamiento.<\/li>\n<li><strong><u>D\u00eda 4<\/u><\/strong><strong>. <\/strong>\u00a0\u00a0Desayuno en el Hotel.\u00a0 A la hora indicada, les estaremos trasladando hacia la villa ind\u00edgena de Chichicastenango, en donde 2 veces por semana se celebra y realiza el famoso mercado de Chichicastenango.\u00a0 A su llegada, les estar\u00e1 esperando nuestro gu\u00eda para iniciar con la visita cultural del pueblo y el mercado al aire libre.\u00a0 Al finalizar, tendr\u00e1n tiempo libre para luego continuar hacia la Villa de Panajachel a orillas del Lago Atitl\u00e1n.\u00a0 Resto de la tarde libre.\u00a0 Alojamiento.<\/li>\n<li><strong><u>D\u00eda 5<\/u><\/strong><strong>. <\/strong>\u00a0\u00a0Desayuno en el Hotel.\u00a0 A las 9:30 am, nuestro gu\u00eda estar\u00e1 busc\u00e1ndolos en el Hotel para luego caminar hacia el muelle municipal y poder abordar la lancha que les conducir\u00e1 a visitar el Lago Atitl\u00e1n y los pueblos de Santiago Atitl\u00e1n y San Juan La Laguna.\u00a0 A su regreso a Panajachel, les estar\u00e1 esperando nuestro piloto para iniciar con el traslado privado hacia el departamento de Retalhuleu.\u00a0 El tiempo de viaje podr\u00e1 ser de 3 horas aproximadamente.\u00a0 A su llegada, les dejaremos en los \u201cHostales del IRTRA\u201d, en donde se podr\u00e1n registrar.\u00a0 Resto del d\u00eda libre por su cuenta.\u00a0 Alojamiento.<\/li>\n<li><strong><u>D\u00eda 6<\/u><\/strong><strong>. <\/strong>\u00a0\u00a0\u00a0D\u00eda libre por su cuenta.\u00a0 Sugerimos visitar el Parque Acu\u00e1tico de \u201cXOCOMIL\u201d.\u00a0 Alojamiento.<\/li>\n<li><strong><u>D\u00eda 7<\/u><\/strong><strong>. <\/strong>\u00a0\u00a0\u00a0D\u00eda libre por su cuenta.\u00a0 Sugerimos visitar el Parque de Atracciones \u201cXETULUL\u201d.\u00a0 Por la tarde, y luego de que realicen el check out de los Hostales, estar\u00e1n dando inicio al traslado de vuelta hacia la Ciudad de Guatemala.\u00a0\u00a0 Alojamiento.<\/li>\n<li><strong><u>D\u00eda 8<\/u><\/strong><strong>. <\/strong>\u00a0\u00a0\u00a0Desayuno en el Hotel.\u00a0 A la hora indicada, nuestro piloto les estar\u00e1 buscando en el Hotel para dar inicio con el traslado que de Antigua les llevar\u00e1 hacia el Aeropuerto Internacional.\u00a0 FIN DE NUESTROS SERVICIOS.<\/li>\n<\/ul>\n\n<h4 class=\"has-normal-font-size wp-block-heading\"><strong>RFT -61- <\/strong><strong>Guatemala Familiar \u2013 8 d\u00edas \/ 7 noches.<\/strong><\/h4>\n\n<ul class=\"wp-block-list\">\n<li><strong><u>D\u00eda 1 \u2013 Inicia Lunes.<\/u><\/strong>\u00a0\u00a0 Recibimiento en el Aeropuerto Internacional y traslado hacia su Hotel en la ciudad de Guatemala.\u00a0 Resto del d\u00eda libre.\u00a0 Alojamiento.<\/li>\n<li><strong><u>D\u00eda 2<\/u>. <\/strong>\u00a0\u00a0\u00a0Desayuno en el Hotel.\u00a0 A la hora indicada, nuestro piloto les estar\u00e1 buscando en el Hotel para facilitar el traslado hacia el Zool\u00f3gico La Aurora, en donde disfrutar\u00e1n de toda la ma\u00f1ana para visitar y observar los diferentes ambientes.\u00a0 A la hora indicada, les estaremos buscando en el Zool\u00f3gico La Aurora, para trasladarles al parque de diversiones IRTRA \u2013 PETAPA.\u00a0 A su llegada, nuestro piloto les dejar\u00e1 en la entrada principal, para que puedan ingresar.\u00a0 Resto de la tarde libre para que puedan disfrutar del parque.\u00a0 Al finalizar el d\u00eda, en el mismo lugar en donde les dejamos, les estaremos buscando para facilitar el traslado hacia la Antigua Guatemala.\u00a0 El tiempo de viaje podr\u00e1 ser de 2 horas debido al tr\u00e1fico que se pueda encontrar en la ruta.\u00a0 Alojamiento.<\/li>\n<li><strong><u>D\u00eda 3<\/u>. <\/strong>\u00a0\u00a0\u00a0Desayuno en el Hotel.\u00a0 D\u00eda libre por su cuenta.\u00a0 Sugerimos poder realizar la visita a la ciudad o bien la visita al Volc\u00e1n Pacaya.\u00a0 Alojamiento.<\/li>\n<li><strong><u>D\u00eda 4<\/u>. <\/strong>\u00a0\u00a0Desayuno en el Hotel.\u00a0 Ma\u00f1ana libre para disfrutar La Antigua.\u00a0 Despu\u00e9s de almuerzo (NO incluido), les estaremos buscando en el Hotel para iniciar con el traslado hacia San Francisco de Sales, para dar inicio con la caminata y visitar el Volc\u00e1n de Pacaya.\u00a0 El tiempo de visita ser\u00e1 de toda la tarde, y podr\u00e1n disfrutar de la naturaleza.\u00a0\u00a0 Alojamiento.<\/li>\n<li><strong><u>D\u00eda 5<\/u>. <\/strong>\u00a0\u00a0\u00a0Desayuno en el Hotel.\u00a0 Ma\u00f1ana libre.\u00a0 Al medio d\u00eda, nuestro piloto les estar\u00e1 buscando en el Hotel para dar inicio con el traslado en servicios compartidos hacia la villa de Panajachel, a orillas del Lago Atitl\u00e1n.\u00a0 Resto de la tarde libre.\u00a0 Alojamiento.<\/li>\n<li><strong><u>D\u00eda 6<\/u>. <\/strong>\u00a0\u00a0\u00a0Desayuno en el Hotel.\u00a0 D\u00eda libre por su cuenta en Panajachel.\u00a0 Sugerimos poder tomar la visita al Lago, o bien disfrutar de la Reserva Natural Atitl\u00e1n.\u00a0 Alojamiento.<\/li>\n<li><strong><u>D\u00eda 7<\/u>. <\/strong>\u00a0\u00a0\u00a0Desayuno en el Hotel.\u00a0 A la hora indicada, les estaremos trasladando hacia la villa ind\u00edgena de Chichicastenango, en donde 2 veces por semana se celebra y realiza el famoso mercado de Chichicastenango.\u00a0 A su llegada, les estar\u00e1 esperando nuestro gu\u00eda para iniciar con la visita cultural del pueblo y el mercado al aire libre.\u00a0 Al finalizar, estar\u00e1n regresando hacia la Ciudad de Guatemala.\u00a0 Alojamiento.<\/li>\n<li><strong><u>D\u00eda 8<\/u>.<\/strong>\u00a0\u00a0 Desayuno en el Hotel.\u00a0 A la hora indicada, nuestro piloto les estar\u00e1 buscando en el Hotel para dar inicio con el traslado que de Antigua les llevar\u00e1 hacia el Aeropuerto Internacional.\u00a0 FIN DE NUESTROS SERVICIOS.<\/li>\n<\/ul>\n\t\t\t\t\t\t\t\t<\/div>\n\t\t\t\t<\/div>\n\t\t\t\t\t<\/div>\n\t\t<\/div>\n\t\t\t\t\t<\/div>\n\t\t<\/section>\n\t\t\t\t<\/div>\n\t\t","protected":false},"excerpt":{"rendered":"<p>vacaciones en familia RFT -59- Visita Familiar \u2013 8 d\u00edas \/ 7 noches. D\u00eda 1 \u2013 Inicia Lunes. \u00a0\u00a0\u00a0Recibimiento en el Aeropuerto Internacional y traslado hacia su Hotel en la ciudad de Guatemala.\u00a0 Resto del d\u00eda libre.\u00a0 Alojamiento. D\u00eda 2. \u00a0\u00a0\u00a0Desayuno en el Hotel.\u00a0 A la hora indicada, nuestro piloto les estar\u00e1 buscando en el [&hellip;]<\/p>\n","protected":false},"author":2,"featured_media":0,"parent":0,"menu_order":0,"comment_status":"closed","ping_status":"closed","template":"elementor_header_footer","meta":{"site-sidebar-layout":"default","site-content-layout":"default","ast-site-content-layout":"default","site-content-style":"default","site-sidebar-style":"default","ast-global-header-display":"","ast-banner-title-visibility":"","ast-main-header-display":"","ast-hfb-above-header-display":"","ast-hfb-below-header-display":"","ast-hfb-mobile-header-display":"","site-post-title":"","ast-breadcrumbs-content":"","ast-featured-img":"","footer-sml-layout":"","ast-disable-related-posts":"","theme-transparent-header-meta":"default","adv-header-id-meta":"","stick-header-meta":"","header-above-stick-meta":"","header-main-stick-meta":"","header-below-stick-meta":"","astra-migrate-meta-layouts":"default","ast-page-background-enabled":"default","ast-page-background-meta":{"desktop":{"background-color":"var(--ast-global-color-4)","background-image":"","background-repeat":"repeat","background-position":"center center","background-size":"auto","background-attachment":"scroll","background-type":"","background-media":"","overlay-type":"","overlay-color":"","overlay-opacity":"","overlay-gradient":""},"tablet":{"background-color":"","background-image":"","background-repeat":"repeat","background-position":"center center","background-size":"auto","background-attachment":"scroll","background-type":"","background-media":"","overlay-type":"","overlay-color":"","overlay-opacity":"","overlay-gradient":""},"mobile":{"background-color":"","background-image":"","background-repeat":"repeat","background-position":"center center","background-size":"auto","background-attachment":"scroll","background-type":"","background-media":"","overlay-type":"","overlay-color":"","overlay-opacity":"","overlay-gradient":""}},"ast-content-background-meta":{"desktop":{"background-color":"var(--ast-global-color-5)","background-image":"","background-repeat":"repeat","background-position":"center center","background-size":"auto","background-attachment":"scroll","background-type":"","background-media":"","overlay-type":"","overlay-color":"","overlay-opacity":"","overlay-gradient":""},"tablet":{"background-color":"var(--ast-global-color-5)","background-image":"","background-repeat":"repeat","background-position":"center center","background-size":"auto","background-attachment":"scroll","background-type":"","background-media":"","overlay-type":"","overlay-color":"","overlay-opacity":"","overlay-gradient":""},"mobile":{"background-color":"var(--ast-global-color-5)","background-image":"","background-repeat":"repeat","background-position":"center center","background-size":"auto","background-attachment":"scroll","background-type":"","background-media":"","overlay-type":"","overlay-color":"","overlay-opacity":"","overlay-gradient":""}},"footnotes":""},"class_list":["post-794","page","type-page","status-publish","hentry"],"_links":{"self":[{"href":"https:\/\/rainforestguate.com\/rfg\/wp-json\/wp\/v2\/pages\/794","targetHints":{"allow":["GET"]}}],"collection":[{"href":"https:\/\/rainforestguate.com\/rfg\/wp-json\/wp\/v2\/pages"}],"about":[{"href":"https:\/\/rainforestguate.com\/rfg\/wp-json\/wp\/v2\/types\/page"}],"author":[{"embeddable":true,"href":"https:\/\/rainforestguate.com\/rfg\/wp-json\/wp\/v2\/users\/2"}],"replies":[{"embeddable":true,"href":"https:\/\/rainforestguate.com\/rfg\/wp-json\/wp\/v2\/comments?post=794"}],"version-history":[{"count":6,"href":"https:\/\/rainforestguate.com\/rfg\/wp-json\/wp\/v2\/pages\/794\/revisions"}],"predecessor-version":[{"id":1095,"href":"https:\/\/rainforestguate.com\/rfg\/wp-json\/wp\/v2\/pages\/794\/revisions\/1095"}],"wp:attachment":[{"href":"https:\/\/rainforestguate.com\/rfg\/wp-json\/wp\/v2\/media?parent=794"}],"curies":[{"name":"wp","href":"https:\/\/api.w.org\/{rel}","templated":true}]}}