{"id":789,"date":"2020-10-22T16:19:29","date_gmt":"2020-10-22T16:19:29","guid":{"rendered":"https:\/\/rainforestguate.com\/rfg\/?page_id=789"},"modified":"2023-01-27T13:20:19","modified_gmt":"2023-01-27T13:20:19","slug":"gastronomia-y-cultura","status":"publish","type":"page","link":"https:\/\/rainforestguate.com\/rfg\/gastronomia-y-cultura\/","title":{"rendered":"Gastronom\u00eda y Cultura"},"content":{"rendered":"\t\t<div data-elementor-type=\"wp-page\" data-elementor-id=\"789\" class=\"elementor elementor-789\">\n\t\t\t\t\t\t<section class=\"elementor-section elementor-top-section elementor-element elementor-element-22694d1c elementor-section-boxed elementor-section-height-default elementor-section-height-default\" data-id=\"22694d1c\" data-element_type=\"section\" data-e-type=\"section\">\n\t\t\t\t\t\t<div class=\"elementor-container elementor-column-gap-default\">\n\t\t\t\t\t<div class=\"elementor-column elementor-col-100 elementor-top-column elementor-element elementor-element-5d289e4b\" data-id=\"5d289e4b\" data-element_type=\"column\" data-e-type=\"column\">\n\t\t\t<div class=\"elementor-widget-wrap elementor-element-populated\">\n\t\t\t\t\t\t<div class=\"elementor-element elementor-element-e32edc2 elementor-widget elementor-widget-image\" data-id=\"e32edc2\" data-element_type=\"widget\" data-e-type=\"widget\" data-widget_type=\"image.default\">\n\t\t\t\t<div class=\"elementor-widget-container\">\n\t\t\t\t\t\t\t\t\t\t\t\t\t\t\t<img decoding=\"async\" src=\"https:\/\/rainforestguate.com\/rfg\/wp-content\/uploads\/2020\/10\/Antojitos-1.jpg\" title=\"\" alt=\"\" loading=\"lazy\" \/>\t\t\t\t\t\t\t\t\t\t\t\t\t\t\t<\/div>\n\t\t\t\t<\/div>\n\t\t\t\t<div class=\"elementor-element elementor-element-0508d2c elementor-widget elementor-widget-image\" data-id=\"0508d2c\" data-element_type=\"widget\" data-e-type=\"widget\" data-widget_type=\"image.default\">\n\t\t\t\t<div class=\"elementor-widget-container\">\n\t\t\t\t\t\t\t\t\t\t\t\t\t\t\t<img fetchpriority=\"high\" decoding=\"async\" width=\"550\" height=\"366\" src=\"https:\/\/rainforestguate.com\/rfg\/wp-content\/uploads\/2020\/10\/Comidas.jpg\" class=\"attachment-large size-large wp-image-864\" alt=\"\" srcset=\"https:\/\/rainforestguate.com\/rfg\/wp-content\/uploads\/2020\/10\/Comidas.jpg 550w, https:\/\/rainforestguate.com\/rfg\/wp-content\/uploads\/2020\/10\/Comidas-300x200.jpg 300w\" sizes=\"(max-width: 550px) 100vw, 550px\" \/>\t\t\t\t\t\t\t\t\t\t\t\t\t\t\t<\/div>\n\t\t\t\t<\/div>\n\t\t\t\t<div class=\"elementor-element elementor-element-49248fe elementor-widget elementor-widget-heading\" data-id=\"49248fe\" data-element_type=\"widget\" data-e-type=\"widget\" data-widget_type=\"heading.default\">\n\t\t\t\t<div class=\"elementor-widget-container\">\n\t\t\t\t\t<h2 class=\"elementor-heading-title elementor-size-default\">Gastronom\u00eda y Cultura<\/h2>\t\t\t\t<\/div>\n\t\t\t\t<\/div>\n\t\t\t\t<div class=\"elementor-element elementor-element-48060726 elementor-widget elementor-widget-text-editor\" data-id=\"48060726\" data-element_type=\"widget\" data-e-type=\"widget\" data-widget_type=\"text-editor.default\">\n\t\t\t\t<div class=\"elementor-widget-container\">\n\t\t\t\t\t\t\t\t\t\n<h4 class=\"has-normal-font-size wp-block-heading\"><strong>RFT -56- <\/strong><strong>Relajaci\u00f3n y Aventura \u2013 7 d\u00edas \/ 6 noches.<\/strong><\/h4>\n\n\n\n<ul class=\"wp-block-list\"><li><strong><u>D\u00eda 1 \u2013 Inicia Martes o S\u00e1bado<\/u>. <\/strong>&nbsp;&nbsp;&nbsp;Recibimiento en el Aeropuerto Internacional y traslado hacia La Antigua Guatemala.&nbsp; Resto del d\u00eda libre.&nbsp; Alojamiento.<\/li><li><strong><u>D\u00eda 2<\/u>. <\/strong>&nbsp;&nbsp;&nbsp;Desayuno en el Hotel.&nbsp; A la hora indicada, dar\u00e1n inicio con la caminata por la Ciudad de La Antigua Guatemala. &nbsp;Estar\u00e1n visitando los principales monumentos, plazas y atractivos tur\u00edsticos de la ciudad, como por ejemplo la Plaza Central, Las Ruinas de Catedral, el Museo y Santuario de San Francisco, el Convento e Iglesia de la Merced, as\u00ed como el Arco de Santa Catarina.&nbsp; Al finalizar la visita les daremos la sugerencia, a trav\u00e9s de nuestro gu\u00eda, de donde poder tomar el almuerzo.&nbsp; Tarde libre para que puedan disfrutar por su cuenta de la ciudad.&nbsp; Alojamiento.<\/li><li><strong><u>D\u00eda 3<\/u>. <\/strong>&nbsp;&nbsp;&nbsp;Desayuno en el Hotel.&nbsp; A la hora indicada, les estaremos facilitando el traslado hacia la escuela de cocina \u201cGuatemala Food\u201d, en donde recibir\u00e1n la primera clase de cocina.&nbsp; El tiempo que tomar\u00e1 esta primera experiencia ser\u00e1 de toda la ma\u00f1ana, cocinando una de las opciones que los chefs le ofrecer\u00e1n.&nbsp; Al finalizar la clase, proceder\u00e1n a tomar el almuerzo, el cual fue preparado por ustedes mismos.&nbsp; Traslado de vuelta a su Hotel.&nbsp; Tarde libre por su cuenta.&nbsp; Alojamiento.<\/li><li><strong><u>D\u00eda 4<\/u>. <\/strong>&nbsp;&nbsp;&nbsp;Desayuno en el Hotel.&nbsp; Nuevamente a la hora indicada, nuestro piloto les estar\u00e1 buscando en el Hotel, para facilitar el traslado hacia la escuela de cocina \u201cGuatemala Food\u201d, para recibir la segunda clase de cocina.&nbsp; Nuevamente los chefs, les estar\u00e1n ofreciendo la opci\u00f3n que deseen cocinar el d\u00eda de hoy.&nbsp; De igual manera, al finalizar, tomar\u00e1n el almuerzo, el cual fue preparado por ustedes.&nbsp; Traslado de vuelta a su Hotel.&nbsp; Tarde libre por su cuenta.&nbsp; Alojamiento.<\/li><li><strong><u>D\u00eda 5<\/u>. <\/strong>&nbsp;&nbsp;Desayuno en el Hotel.&nbsp; A la hora indicada, nuestro piloto les estar\u00e1 buscando en el Hotel para iniciar con el traslado que en servicios compartidos les estaremos facilitando para el traslado hacia Panajachel, a orillas del Lago Atitl\u00e1n.&nbsp; A su llegada, nuestro gu\u00eda les estar\u00e1 esperando para iniciar con la visita al Lago Atitl\u00e1n y los pueblos de Santiago Atitl\u00e1n y San Juan La Laguna.&nbsp; Al finalizar la visita, estar\u00e1n regresando a Panajachel.&nbsp; Resto de la tarde libre.&nbsp; Alojamiento.<\/li><li><strong><u>D\u00eda 6.<\/u> <\/strong>&nbsp;&nbsp;&nbsp;Desayuno en el Hotel.&nbsp; A la hora indicada, nuestro piloto les estar\u00e1 buscando en el Hotel para facilitar el traslado en servicios compartidos hacia la villa de Chichicastenango.&nbsp; El tiempo de viaje es de aproximadamente una hora.&nbsp;&nbsp; A su llegada, nuestro gu\u00eda les estar\u00e1 esperando para iniciar con la visita cultural por el pueblo, as\u00ed como las Iglesias de Santo Tom\u00e1s y El Calvario.&nbsp; La visita al mercado al aire libre, la realizar\u00e1n, con un \u00e9nfasis particular en el \u00e1rea de verduras, frutas y granos, para que puedan observar la diversidad de vegetales que se ofrecen.&nbsp; Nuestro gu\u00eda dar\u00e1 la sugerencia de donde poder tomar el almuerzo.&nbsp; Por la tarde, traslado de vuelta hacia La Antigua Guatemala.&nbsp; Alojamiento.<\/li><li><strong><u>D\u00eda 7<\/u>. <\/strong>&nbsp;&nbsp;&nbsp;Desayuno en el Hotel.&nbsp; A la hora indicada, nuestro piloto les estar\u00e1 buscando en el Hotel para dar inicio con el traslado que de Antigua les llevar\u00e1 hacia el Aeropuerto Internacional.&nbsp; FIN DE NUESTROS SERVICIOS.<\/li><\/ul>\n\n\n\n<h4 class=\"has-normal-font-size wp-block-heading\"><strong>RFT -57- <\/strong><strong>Gastronom\u00eda Guatemalteca \u2013 7 d\u00edas \/ 6 noches.<\/strong><\/h4>\n\n\n\n<ul class=\"wp-block-list\"><li><strong><u>D\u00eda 1 \u2013 Inicia Martes o S\u00e1bado.<\/u> <\/strong>&nbsp;&nbsp;&nbsp;Recibimiento en el Aeropuerto Internacional y traslado hacia La Antigua Guatemala.&nbsp; Resto del d\u00eda libre.&nbsp; Alojamiento.<\/li><li><strong><u>D\u00eda 2.<\/u> <\/strong>&nbsp;&nbsp;&nbsp;Desayuno en el Hotel.&nbsp; A la hora indicada, dar\u00e1n inicio con la caminata por la Ciudad de La Antigua Guatemala.&nbsp; Estar\u00e1n visitando los principales monumentos, plazas y atractivos tur\u00edsticos de la ciudad, como por ejemplo la Plaza Central, Las Ruinas de Catedral, el Museo y Santuario de San Francisco, el Convento e Iglesia de la Merced, as\u00ed como el Arco de Santa Catarina.&nbsp; Al finalizar la visita les daremos la sugerencia, a trav\u00e9s de nuestro gu\u00eda, de donde poder tomar el almuerzo.&nbsp; Tarde libre para que puedan disfrutar por su cuenta de la ciudad.&nbsp; Alojamiento.<\/li><li><strong><u>D\u00eda 3.<\/u> <\/strong>&nbsp;&nbsp;&nbsp;Desayuno en el Hotel.&nbsp; A la hora indicada, les estaremos facilitando el traslado hacia la escuela de cocina \u201cGuatemala Food\u201d, en donde recibir\u00e1n la primera clase de cocina.&nbsp; El tiempo que tomar\u00e1 esta primera experiencia ser\u00e1 de toda la ma\u00f1ana, cocinando una de las opciones que los chefs le ofrecer\u00e1n.&nbsp; Al finalizar la clase, proceder\u00e1n a tomar el almuerzo, el cual fue preparado por ustedes mismos.&nbsp; Traslado de vuelta a su Hotel.&nbsp; Tarde libre por su cuenta.&nbsp; Alojamiento.<\/li><li><strong><u>D\u00eda 4.<\/u> <\/strong>&nbsp;&nbsp;&nbsp;Desayuno en el Hotel.&nbsp; A la hora indicada, nuestro piloto les estar\u00e1 buscando en el Hotel para iniciar con el traslado que en servicios compartidos les estaremos facilitando para el traslado hacia Panajachel, a orillas del Lago Atitl\u00e1n.&nbsp; A su llegada, nuestro gu\u00eda les estar\u00e1 esperando para iniciar con la visita al Lago Atitl\u00e1n y los pueblos de Santiago Atitl\u00e1n y San Juan La Laguna.&nbsp; Al finalizar la visita, estar\u00e1n regresando a Panajachel.&nbsp; Resto de la tarde libre.&nbsp; Alojamiento.<\/li><li><strong><u>D\u00eda 5.<\/u> <\/strong>&nbsp;&nbsp;&nbsp;Desayuno en el Hotel.&nbsp; A la hora indicada, nuestro representante les estar\u00e1 buscando en el Hotel para acompa\u00f1arles a abordar la lancha que les llevar\u00e1 hacia San Pedro La Laguna, en donde les estar\u00e1 esperando la Chef, quien les acompa\u00f1ar\u00e1 al mercado local, en donde iniciar\u00e1n la visita y compra de materiales que estar\u00e1n necesitando para realizar la clase de comida local.&nbsp; Al finalizar la visita y compra en el mercado, continuar\u00e1n hacia la escuela \u201cMayan Kitchen\u201d, en donde dar\u00e1 inicio a la clase de cocina.&nbsp; Al finalizar la actividad, tomar\u00e1n el almuerzo, degustando los alimentos que preparar\u00e1n previamente.&nbsp; Por la tarde, tomar\u00e1n la lancha de vuelta a Panajachel.&nbsp; Resto de la tarde libre.&nbsp; Alojamiento.<\/li><li><strong><u>D\u00eda 6.<\/u> <\/strong>&nbsp;&nbsp;&nbsp;Desayuno en el Hotel.&nbsp; A la hora indicada, nuestro piloto les estar\u00e1 buscando en el Hotel para facilitar el traslado en servicios compartidos hacia la villa de Chichicastenango.&nbsp; El tiempo de viaje es de aproximadamente una hora.&nbsp;&nbsp; A su llegada, nuestro gu\u00eda les estar\u00e1 esperando para iniciar con la visita cultural por el pueblo, as\u00ed como las Iglesias de Santo Tom\u00e1s y El Calvario.&nbsp; La visita al mercado al aire libre, la realizar\u00e1n, con un \u00e9nfasis particular en el \u00e1rea de verduras, frutas y granos, para que puedan observar la diversidad de vegetales que se ofrecen.&nbsp; Nuestro gu\u00eda dar\u00e1 la sugerencia de donde poder tomar el almuerzo.&nbsp; Por la tarde, traslado de vuelta hacia La Antigua Guatemala.&nbsp; Alojamiento.<\/li><li><strong><u>D\u00eda 7.<\/u> <\/strong>&nbsp;&nbsp;&nbsp;Desayuno en el Hotel.&nbsp; A la hora indicada, nuestro piloto les estar\u00e1 buscando en el Hotel para dar inicio con el traslado que de Antigua les llevar\u00e1 hacia el Aeropuerto Internacional.&nbsp; FIN DE NUESTROS SERVICIOS.<\/li><\/ul>\n\n\n\n<h4 class=\"has-normal-font-size wp-block-heading\"><strong>RFT -58- <\/strong><strong>Tour Gastron\u00f3mico por Guatemala \u2013 8 d\u00edas \/ 7 noches.<\/strong><\/h4>\n\n\n\n<ul class=\"wp-block-list\"><li><strong><u>D\u00eda 1 \u2013 Inicia Martes o S\u00e1bado.<\/u> <\/strong>&nbsp;&nbsp;&nbsp;Recibimiento en el Aeropuerto Internacional y traslado hacia La Antigua Guatemala.&nbsp; Resto del d\u00eda libre.&nbsp; Alojamiento.<\/li><li><strong><u>D\u00eda 2.<\/u> <\/strong>&nbsp;&nbsp;&nbsp;Desayuno en el Hotel.&nbsp; A la hora indicada, dar\u00e1n inicio con la caminata por la Ciudad de La Antigua Guatemala.&nbsp; Estar\u00e1n visitando los principales monumentos, plazas y atractivos tur\u00edsticos de la ciudad, como por ejemplo la Plaza Central, Las Ruinas de Catedral, el Museo y Santuario de San Francisco, el Convento e Iglesia de la Merced, as\u00ed como el Arco de Santa Catarina.&nbsp; Al finalizar la visita les daremos la sugerencia, a trav\u00e9s de nuestro gu\u00eda, de donde poder tomar el almuerzo.&nbsp; Por la tarde, les llevaremos a visitar la Aldea de San Juan del Obispo y conocer a do\u00f1a Carmen Macha, quien es la propietaria de \u201cChocolate de Taza\u201d.&nbsp; Hoy podr\u00e1n conocer un poco m\u00e1s sobre el Kakao, y la manera en que se convierte en una bebida tradicional.&nbsp; Podr\u00e1n conocer y realizar todo el proceso para lograr una buena taza de chocolate caliente y poder degustarlo.&nbsp; Al finalizar la actividad, les estaremos facilitando el traslado de vuelta al Hotel.&nbsp; Alojamiento.<\/li><li><strong><u>D\u00eda 3.<\/u> <\/strong>&nbsp;&nbsp;&nbsp;Desayuno en el Hotel.&nbsp; A la hora indicada, les estaremos facilitando el traslado hacia la escuela de cocina \u201cGuatemala Food\u201d, en donde recibir\u00e1n la primera clase de cocina.&nbsp; El tiempo que tomar\u00e1 esta primera experiencia ser\u00e1 de toda la ma\u00f1ana, cocinando una de las opciones que los chefs le ofrecer\u00e1n.&nbsp; Al finalizar la clase, proceder\u00e1n a tomar el almuerzo, el cual fue preparado por ustedes mismos.&nbsp; Traslado de vuelta a su Hotel.&nbsp; Tarde libre por su cuenta.&nbsp; Alojamiento.<\/li><li><strong><u>D\u00eda 4.<\/u> <\/strong>&nbsp;&nbsp;&nbsp;Desayuno en el Hotel.&nbsp; A la hora indicada, nuestro piloto les estar\u00e1 buscando en el Hotel para iniciar con el traslado que en servicios compartidos les estaremos facilitando para el traslado hacia Panajachel, a orillas del Lago Atitl\u00e1n.&nbsp; A su llegada, nuestro gu\u00eda les estar\u00e1 esperando para iniciar con la visita al Lago Atitl\u00e1n y los pueblos de Santiago Atitl\u00e1n y San Juan La Laguna.&nbsp; Al finalizar la visita, estar\u00e1n regresando a Panajachel.&nbsp; Resto de la tarde libre.&nbsp; Alojamiento.<\/li><li><strong><u>D\u00eda 5.<\/u> <\/strong>&nbsp;&nbsp;&nbsp;Desayuno en el Hotel.&nbsp; A la hora indicada, nuestro representante les estar\u00e1 buscando en el Hotel para acompa\u00f1arles a abordar la lancha que les llevar\u00e1 hacia San Pedro La Laguna, en donde les estar\u00e1 esperando la Chef, quien les acompa\u00f1ar\u00e1 al mercado local, en donde iniciar\u00e1n la visita y compra de materiales que estar\u00e1n necesitando para realizar la clase de comida local.&nbsp; Al finalizar la visita y compra en el mercado, continuar\u00e1n hacia la escuela \u201cMayan Kitchen\u201d, en donde dar\u00e1 inicio a la clase de cocina.&nbsp; Al finalizar la actividad, tomar\u00e1n el almuerzo, degustando los alimentos que preparar\u00e1n previamente.&nbsp; Por la tarde, tomar\u00e1n la lancha de vuelta a Panajachel.&nbsp; Resto de la tarde libre.&nbsp; Alojamiento.<\/li><li><strong><u>D\u00eda 6.<\/u> <\/strong>&nbsp;&nbsp;&nbsp;Desayuno en el Hotel.&nbsp; A la hora indicada, nuestro piloto les estar\u00e1 buscando en el Hotel para facilitar el traslado en servicios compartidos hacia la villa de Chichicastenango.&nbsp; El tiempo de viaje es de aproximadamente una hora.&nbsp;&nbsp; A su llegada, nuestro gu\u00eda les estar\u00e1 esperando para iniciar con la visita cultural por el pueblo, as\u00ed como las Iglesias de Santo Tom\u00e1s y El Calvario.&nbsp; La visita al mercado al aire libre, la realizar\u00e1n, con un \u00e9nfasis particular en el \u00e1rea de verduras, frutas y granos, para que puedan observar la diversidad de vegetales que se ofrecen y lo m\u00e1s importante, comprarlos para luego iniciar con una clase de cocina tradicional, en su casa, elaborando un platillo t\u00edpico local.&nbsp; La encargada de facilitar y orientar la actividad es la esposa de nuestro gu\u00eda, y la experiencia ser\u00e1 b\u00e1sicamente una clase de comida, en una casa, elaborando comida casera.&nbsp; Al finalizar, podr\u00e1n degustar el almuerzo con los platillos elaborados.&nbsp; Por la tarde, y luego de disfrutar el momento, estar\u00e1n dando inicio al traslado de vuelta hacia La Antigua Guatemala.&nbsp; Alojamiento.<\/li><li><strong><u>D\u00eda 7<\/u>. <\/strong>&nbsp;&nbsp;&nbsp;Desayuno en el Hotel.&nbsp; D\u00eda libre por su cuenta.&nbsp; Sugerimos tomar un descanso y disfrutar de la Ciudad.&nbsp; Alojamiento.<\/li><li><strong><u>D\u00eda 8.<\/u> <\/strong>&nbsp;&nbsp;&nbsp;Desayuno en el Hotel.&nbsp; A la hora indicada, nuestro piloto les estar\u00e1 buscando en el Hotel para dar inicio con el traslado que de Antigua les llevar\u00e1 hacia el Aeropuerto Internacional.&nbsp; FIN DE NUESTROS SERVICIOS.<\/li><\/ul>\n\t\t\t\t\t\t\t\t<\/div>\n\t\t\t\t<\/div>\n\t\t\t\t\t<\/div>\n\t\t<\/div>\n\t\t\t\t\t<\/div>\n\t\t<\/section>\n\t\t\t\t<\/div>\n\t\t","protected":false},"excerpt":{"rendered":"<p>Gastronom\u00eda y Cultura RFT -56- Relajaci\u00f3n y Aventura \u2013 7 d\u00edas \/ 6 noches. RFT -57- Gastronom\u00eda Guatemalteca \u2013 7 d\u00edas \/ 6 noches. RFT -58- Tour Gastron\u00f3mico por Guatemala \u2013 8 d\u00edas \/ 7 noches.<\/p>\n","protected":false},"author":2,"featured_media":0,"parent":0,"menu_order":0,"comment_status":"closed","ping_status":"closed","template":"elementor_header_footer","meta":{"site-sidebar-layout":"default","site-content-layout":"default","ast-site-content-layout":"default","site-content-style":"default","site-sidebar-style":"default","ast-global-header-display":"","ast-banner-title-visibility":"","ast-main-header-display":"","ast-hfb-above-header-display":"","ast-hfb-below-header-display":"","ast-hfb-mobile-header-display":"","site-post-title":"","ast-breadcrumbs-content":"","ast-featured-img":"","footer-sml-layout":"","ast-disable-related-posts":"","theme-transparent-header-meta":"default","adv-header-id-meta":"","stick-header-meta":"","header-above-stick-meta":"","header-main-stick-meta":"","header-below-stick-meta":"","astra-migrate-meta-layouts":"default","ast-page-background-enabled":"default","ast-page-background-meta":{"desktop":{"background-color":"var(--ast-global-color-4)","background-image":"","background-repeat":"repeat","background-position":"center center","background-size":"auto","background-attachment":"scroll","background-type":"","background-media":"","overlay-type":"","overlay-color":"","overlay-opacity":"","overlay-gradient":""},"tablet":{"background-color":"","background-image":"","background-repeat":"repeat","background-position":"center center","background-size":"auto","background-attachment":"scroll","background-type":"","background-media":"","overlay-type":"","overlay-color":"","overlay-opacity":"","overlay-gradient":""},"mobile":{"background-color":"","background-image":"","background-repeat":"repeat","background-position":"center center","background-size":"auto","background-attachment":"scroll","background-type":"","background-media":"","overlay-type":"","overlay-color":"","overlay-opacity":"","overlay-gradient":""}},"ast-content-background-meta":{"desktop":{"background-color":"var(--ast-global-color-5)","background-image":"","background-repeat":"repeat","background-position":"center center","background-size":"auto","background-attachment":"scroll","background-type":"","background-media":"","overlay-type":"","overlay-color":"","overlay-opacity":"","overlay-gradient":""},"tablet":{"background-color":"var(--ast-global-color-5)","background-image":"","background-repeat":"repeat","background-position":"center center","background-size":"auto","background-attachment":"scroll","background-type":"","background-media":"","overlay-type":"","overlay-color":"","overlay-opacity":"","overlay-gradient":""},"mobile":{"background-color":"var(--ast-global-color-5)","background-image":"","background-repeat":"repeat","background-position":"center center","background-size":"auto","background-attachment":"scroll","background-type":"","background-media":"","overlay-type":"","overlay-color":"","overlay-opacity":"","overlay-gradient":""}},"footnotes":""},"class_list":["post-789","page","type-page","status-publish","hentry"],"_links":{"self":[{"href":"https:\/\/rainforestguate.com\/rfg\/wp-json\/wp\/v2\/pages\/789","targetHints":{"allow":["GET"]}}],"collection":[{"href":"https:\/\/rainforestguate.com\/rfg\/wp-json\/wp\/v2\/pages"}],"about":[{"href":"https:\/\/rainforestguate.com\/rfg\/wp-json\/wp\/v2\/types\/page"}],"author":[{"embeddable":true,"href":"https:\/\/rainforestguate.com\/rfg\/wp-json\/wp\/v2\/users\/2"}],"replies":[{"embeddable":true,"href":"https:\/\/rainforestguate.com\/rfg\/wp-json\/wp\/v2\/comments?post=789"}],"version-history":[{"count":5,"href":"https:\/\/rainforestguate.com\/rfg\/wp-json\/wp\/v2\/pages\/789\/revisions"}],"predecessor-version":[{"id":1098,"href":"https:\/\/rainforestguate.com\/rfg\/wp-json\/wp\/v2\/pages\/789\/revisions\/1098"}],"wp:attachment":[{"href":"https:\/\/rainforestguate.com\/rfg\/wp-json\/wp\/v2\/media?parent=789"}],"curies":[{"name":"wp","href":"https:\/\/api.w.org\/{rel}","templated":true}]}}