{"id":783,"date":"2020-10-22T15:22:40","date_gmt":"2020-10-22T15:22:40","guid":{"rendered":"https:\/\/rainforestguate.com\/rfg\/?page_id=783"},"modified":"2023-01-27T12:51:00","modified_gmt":"2023-01-27T12:51:00","slug":"relajacion-y-aventura","status":"publish","type":"page","link":"https:\/\/rainforestguate.com\/rfg\/relajacion-y-aventura\/","title":{"rendered":"Relajaci\u00f3n y Aventura"},"content":{"rendered":"\t\t<div data-elementor-type=\"wp-page\" data-elementor-id=\"783\" class=\"elementor elementor-783\">\n\t\t\t\t\t\t<section class=\"elementor-section elementor-top-section elementor-element elementor-element-69762323 elementor-section-boxed elementor-section-height-default elementor-section-height-default\" data-id=\"69762323\" data-element_type=\"section\" data-e-type=\"section\">\n\t\t\t\t\t\t<div class=\"elementor-container elementor-column-gap-default\">\n\t\t\t\t\t<div class=\"elementor-column elementor-col-100 elementor-top-column elementor-element elementor-element-66f44137\" data-id=\"66f44137\" data-element_type=\"column\" data-e-type=\"column\">\n\t\t\t<div class=\"elementor-widget-wrap elementor-element-populated\">\n\t\t\t\t\t\t<div class=\"elementor-element elementor-element-4e56727 elementor-widget elementor-widget-image\" data-id=\"4e56727\" data-element_type=\"widget\" data-e-type=\"widget\" data-widget_type=\"image.default\">\n\t\t\t\t<div class=\"elementor-widget-container\">\n\t\t\t\t\t\t\t\t\t\t\t\t\t\t\t<img fetchpriority=\"high\" decoding=\"async\" width=\"550\" height=\"412\" src=\"https:\/\/rainforestguate.com\/rfg\/wp-content\/uploads\/2020\/10\/Volcan-Pacaya-1.jpg\" class=\"attachment-medium_large size-medium_large wp-image-941\" alt=\"\" srcset=\"https:\/\/rainforestguate.com\/rfg\/wp-content\/uploads\/2020\/10\/Volcan-Pacaya-1.jpg 550w, https:\/\/rainforestguate.com\/rfg\/wp-content\/uploads\/2020\/10\/Volcan-Pacaya-1-300x225.jpg 300w\" sizes=\"(max-width: 550px) 100vw, 550px\" \/>\t\t\t\t\t\t\t\t\t\t\t\t\t\t\t<\/div>\n\t\t\t\t<\/div>\n\t\t\t\t<div class=\"elementor-element elementor-element-5346c73 elementor-widget elementor-widget-heading\" data-id=\"5346c73\" data-element_type=\"widget\" data-e-type=\"widget\" data-widget_type=\"heading.default\">\n\t\t\t\t<div class=\"elementor-widget-container\">\n\t\t\t\t\t<h2 class=\"elementor-heading-title elementor-size-default\">Relajaci\u00f3n y Aventura<\/h2>\t\t\t\t<\/div>\n\t\t\t\t<\/div>\n\t\t\t\t<div class=\"elementor-element elementor-element-37184136 elementor-widget elementor-widget-text-editor\" data-id=\"37184136\" data-element_type=\"widget\" data-e-type=\"widget\" data-widget_type=\"text-editor.default\">\n\t\t\t\t<div class=\"elementor-widget-container\">\n\t\t\t\t\t\t\t\t\t\n<h4 class=\"has-normal-font-size wp-block-heading\"><strong>RFT -55- <\/strong><strong>Relajaci\u00f3n y Aventura \u2013 7 d\u00edas \/ 6 noches.<\/strong><\/h4>\n\n\n\n<ul class=\"wp-block-list\"><li><strong><u>D\u00eda 1 \u2013 Inicia Martes o S\u00e1bado.<\/u><\/strong>\u00a0 \u00a0\u00a0Recibimiento en el Aeropuerto Internacional y traslado hacia La Antigua Guatemala.\u00a0 Resto del d\u00eda libre.\u00a0 Alojamiento.<\/li><li><strong><u>D\u00eda 2<\/u>. <\/strong>\u00a0\u00a0Desayuno en el Hotel.\u00a0 A la hora indicada, dar\u00e1n inicio con la caminata por la Ciudad de La Antigua Guatemala.\u00a0 Estar\u00e1n visitando los principales monumentos, plazas y atractivos tur\u00edsticos de la ciudad, como por ejemplo la Plaza Central, Las Ruinas de Catedral, el Museo y Santuario de San Francisco, el Convento e Iglesia de la Merced, as\u00ed como el Arco de Santa Catarina.\u00a0 Al finalizar la visita les daremos la sugerencia, a trav\u00e9s de nuestro gu\u00eda, de donde poder tomar el almuerzo.\u00a0 Tarde libre para que puedan disfrutar por su cuenta de la ciudad.\u00a0 Alojamiento.<\/li><li><strong><u>D\u00eda 3<\/u>. <\/strong>\u00a0\u00a0Desayuno en el Hotel.\u00a0 A la hora indicada, les estaremos buscando en el Hotel para dar inicio con el traslado en servicios compartidos hacia San Francisco de Sales.\u00a0 A su llegada, nuestro gu\u00eda, que es de la localidad, les estar\u00e1 esperando para iniciar con la caminata hacia la cumbre del Volc\u00e1n.\u00a0 El tiempo de caminata ser\u00e1 de aproximadamente una hora y media.\u00a0 Luego de llegar, observar y admirar las vistas y los vestigios de las \u00faltimas erupciones que el Volc\u00e1n tuvo, estar\u00e1n dando inicio al retorno a San Francisco de Sales, al mismo lugar donde se encuentra el bus que les llevo.\u00a0 En ruta, les estaremos dejando frente al Hotel Kawilal \u2013 Santa Teresita, en donde proceder\u00e1n a realizar el registro en el Hotel.\u00a0 Por la tarde, estar\u00e1n recibiendo un tratamiento total y completo para que puedan relajarse, as\u00ed como disfrutar de las diferentes piscinas que cuenta el lugar.\u00a0 Tiempo para disfrutar y dejarse consentir.\u00a0 Alojamiento.<\/li><li><strong><u>D\u00eda 4<\/u>. <\/strong>\u00a0\u00a0Desayuno en el Hotel.\u00a0 Nuevamente por la ma\u00f1ana, recibir\u00e1n un \u00faltimo tratamiento y masajes relajantes.\u00a0 A la hora indicada, nuestro piloto les estar\u00e1 buscando en el Hotel, para facilitar el traslado hacia la Antigua Guatemala, a nuestras oficinas, para luego iniciar con el traslado en servicios compartidos hacia Panajachel a orillas del Lago Atitl\u00e1n.\u00a0 Alojamiento.<\/li><li><strong><u>D\u00eda 5<\/u>.<\/strong> \u00a0\u00a0\u00a0Desayuno en el Hotel.\u00a0 A la hora indicada, nuestro gu\u00eda les estar\u00e1 buscando en el Hotel, para caminar hacia el muelle municipal y poder embarcar la lancha que les llevar\u00e1 a realizar la visita al Lago Atitl\u00e1n y los pueblos de Santiago Atitl\u00e1n y San Juan La Laguna.\u00a0 Al finalizar la visita, estar\u00e1n regresando a Panajachel.\u00a0 Resto de la tarde libre.\u00a0 Alojamiento.<\/li><li><strong><u>D\u00eda 6<\/u>. <\/strong>\u00a0\u00a0\u00a0Desayuno en el Hotel.\u00a0 A la hora indicada, nuestro piloto les estar\u00e1 buscando en el Hotel para facilitar el traslado en servicios compartidos hacia la villa de Chichicastenango.\u00a0 El tiempo de viaje es de aproximadamente una hora.\u00a0\u00a0 A su llegada, nuestro gu\u00eda les estar\u00e1 esperando para iniciar con la visita cultural por el pueblo, as\u00ed como las Iglesias de Santo Tom\u00e1s y El Calvario.\u00a0 La visita al mercado al aire libre, la realizar\u00e1n, con un \u00e9nfasis particular en el \u00e1rea de verduras, frutas y granos, para que puedan observar la diversidad de vegetales que se ofrecen.\u00a0 Nuestro gu\u00eda dar\u00e1 la sugerencia de donde poder tomar el almuerzo.\u00a0 Por la tarde, traslado de vuelta hacia La Antigua Guatemala.\u00a0 Alojamiento.<\/li><li><strong><u>D\u00eda 7<\/u>. <\/strong>\u00a0\u00a0\u00a0Desayuno en el Hotel.\u00a0 A la hora indicada, nuestro piloto les estar\u00e1 buscando en el Hotel para dar inicio con el traslado que de Antigua les llevar\u00e1 hacia el Aeropuerto Internacional.\u00a0 FIN DE NUESTROS SERVICIOS.<\/li><\/ul>\n\t\t\t\t\t\t\t\t<\/div>\n\t\t\t\t<\/div>\n\t\t\t\t\t<\/div>\n\t\t<\/div>\n\t\t\t\t\t<\/div>\n\t\t<\/section>\n\t\t\t\t<\/div>\n\t\t","protected":false},"excerpt":{"rendered":"<p>Relajaci\u00f3n y Aventura RFT -55- Relajaci\u00f3n y Aventura \u2013 7 d\u00edas \/ 6 noches.<\/p>\n","protected":false},"author":2,"featured_media":0,"parent":0,"menu_order":0,"comment_status":"closed","ping_status":"closed","template":"elementor_header_footer","meta":{"site-sidebar-layout":"default","site-content-layout":"default","ast-site-content-layout":"default","site-content-style":"default","site-sidebar-style":"default","ast-global-header-display":"","ast-banner-title-visibility":"","ast-main-header-display":"","ast-hfb-above-header-display":"","ast-hfb-below-header-display":"","ast-hfb-mobile-header-display":"","site-post-title":"","ast-breadcrumbs-content":"","ast-featured-img":"","footer-sml-layout":"","ast-disable-related-posts":"","theme-transparent-header-meta":"default","adv-header-id-meta":"","stick-header-meta":"","header-above-stick-meta":"","header-main-stick-meta":"","header-below-stick-meta":"","astra-migrate-meta-layouts":"default","ast-page-background-enabled":"default","ast-page-background-meta":{"desktop":{"background-color":"var(--ast-global-color-4)","background-image":"","background-repeat":"repeat","background-position":"center center","background-size":"auto","background-attachment":"scroll","background-type":"","background-media":"","overlay-type":"","overlay-color":"","overlay-opacity":"","overlay-gradient":""},"tablet":{"background-color":"","background-image":"","background-repeat":"repeat","background-position":"center center","background-size":"auto","background-attachment":"scroll","background-type":"","background-media":"","overlay-type":"","overlay-color":"","overlay-opacity":"","overlay-gradient":""},"mobile":{"background-color":"","background-image":"","background-repeat":"repeat","background-position":"center center","background-size":"auto","background-attachment":"scroll","background-type":"","background-media":"","overlay-type":"","overlay-color":"","overlay-opacity":"","overlay-gradient":""}},"ast-content-background-meta":{"desktop":{"background-color":"var(--ast-global-color-5)","background-image":"","background-repeat":"repeat","background-position":"center center","background-size":"auto","background-attachment":"scroll","background-type":"","background-media":"","overlay-type":"","overlay-color":"","overlay-opacity":"","overlay-gradient":""},"tablet":{"background-color":"var(--ast-global-color-5)","background-image":"","background-repeat":"repeat","background-position":"center center","background-size":"auto","background-attachment":"scroll","background-type":"","background-media":"","overlay-type":"","overlay-color":"","overlay-opacity":"","overlay-gradient":""},"mobile":{"background-color":"var(--ast-global-color-5)","background-image":"","background-repeat":"repeat","background-position":"center center","background-size":"auto","background-attachment":"scroll","background-type":"","background-media":"","overlay-type":"","overlay-color":"","overlay-opacity":"","overlay-gradient":""}},"footnotes":""},"class_list":["post-783","page","type-page","status-publish","hentry"],"_links":{"self":[{"href":"https:\/\/rainforestguate.com\/rfg\/wp-json\/wp\/v2\/pages\/783","targetHints":{"allow":["GET"]}}],"collection":[{"href":"https:\/\/rainforestguate.com\/rfg\/wp-json\/wp\/v2\/pages"}],"about":[{"href":"https:\/\/rainforestguate.com\/rfg\/wp-json\/wp\/v2\/types\/page"}],"author":[{"embeddable":true,"href":"https:\/\/rainforestguate.com\/rfg\/wp-json\/wp\/v2\/users\/2"}],"replies":[{"embeddable":true,"href":"https:\/\/rainforestguate.com\/rfg\/wp-json\/wp\/v2\/comments?post=783"}],"version-history":[{"count":5,"href":"https:\/\/rainforestguate.com\/rfg\/wp-json\/wp\/v2\/pages\/783\/revisions"}],"predecessor-version":[{"id":1093,"href":"https:\/\/rainforestguate.com\/rfg\/wp-json\/wp\/v2\/pages\/783\/revisions\/1093"}],"wp:attachment":[{"href":"https:\/\/rainforestguate.com\/rfg\/wp-json\/wp\/v2\/media?parent=783"}],"curies":[{"name":"wp","href":"https:\/\/api.w.org\/{rel}","templated":true}]}}