{"id":707,"date":"2020-10-20T18:02:42","date_gmt":"2020-10-20T18:02:42","guid":{"rendered":"https:\/\/rainforestguate.com\/rfg\/?page_id=707"},"modified":"2020-10-27T00:35:34","modified_gmt":"2020-10-27T00:35:34","slug":"visitas-de-dia","status":"publish","type":"page","link":"https:\/\/rainforestguate.com\/rfg\/visitas-de-dia\/","title":{"rendered":"Visitas de D\u00eda"},"content":{"rendered":"\t\t<div data-elementor-type=\"wp-page\" data-elementor-id=\"707\" class=\"elementor elementor-707\">\n\t\t\t\t\t\t<section class=\"elementor-section elementor-top-section elementor-element elementor-element-519d8d0e elementor-section-boxed elementor-section-height-default elementor-section-height-default\" data-id=\"519d8d0e\" data-element_type=\"section\" data-e-type=\"section\">\n\t\t\t\t\t\t<div class=\"elementor-container elementor-column-gap-default\">\n\t\t\t\t\t<div class=\"elementor-column elementor-col-100 elementor-top-column elementor-element elementor-element-7d7cf7a7\" data-id=\"7d7cf7a7\" data-element_type=\"column\" data-e-type=\"column\">\n\t\t\t<div class=\"elementor-widget-wrap elementor-element-populated\">\n\t\t\t\t\t\t<div class=\"elementor-element elementor-element-7845861 elementor-widget elementor-widget-image\" data-id=\"7845861\" data-element_type=\"widget\" data-e-type=\"widget\" data-widget_type=\"image.default\">\n\t\t\t\t<div class=\"elementor-widget-container\">\n\t\t\t\t\t\t\t\t\t\t\t\t\t\t\t<img fetchpriority=\"high\" decoding=\"async\" width=\"800\" height=\"272\" src=\"https:\/\/rainforestguate.com\/rfg\/wp-content\/uploads\/2020\/10\/Tikal-3.jpg\" class=\"attachment-large size-large wp-image-930\" alt=\"\" srcset=\"https:\/\/rainforestguate.com\/rfg\/wp-content\/uploads\/2020\/10\/Tikal-3.jpg 800w, https:\/\/rainforestguate.com\/rfg\/wp-content\/uploads\/2020\/10\/Tikal-3-300x102.jpg 300w, https:\/\/rainforestguate.com\/rfg\/wp-content\/uploads\/2020\/10\/Tikal-3-768x261.jpg 768w\" sizes=\"(max-width: 800px) 100vw, 800px\" \/>\t\t\t\t\t\t\t\t\t\t\t\t\t\t\t<\/div>\n\t\t\t\t<\/div>\n\t\t\t\t<div class=\"elementor-element elementor-element-2f154d5 elementor-widget elementor-widget-heading\" data-id=\"2f154d5\" data-element_type=\"widget\" data-e-type=\"widget\" data-widget_type=\"heading.default\">\n\t\t\t\t<div class=\"elementor-widget-container\">\n\t\t\t\t\t<h2 class=\"elementor-heading-title elementor-size-default\">Visitas de d\u00eda completo<\/h2>\t\t\t\t<\/div>\n\t\t\t\t<\/div>\n\t\t\t\t<div class=\"elementor-element elementor-element-2ea6e37a elementor-widget elementor-widget-text-editor\" data-id=\"2ea6e37a\" data-element_type=\"widget\" data-e-type=\"widget\" data-widget_type=\"text-editor.default\">\n\t\t\t\t<div class=\"elementor-widget-container\">\n\t\t\t\t\t\t\t\t\t\n<h4 class=\"has-normal-font-size\"><strong>RFT-16- ONE DAY TOUR <\/strong><strong>TIKAL<\/strong><\/h4>\n\n<p style=\"font-size: 12px;\">Nuestro representante les estar\u00e1 buscando en el Lobby del Hotel para iniciar con el traslado hacia el Aeropuerto Nacional, para abordar el vuelo de Transporte A\u00e9reos Guatemaltecos -TAG- , con destino a Flores, Peten que sale a las 06:30 hrs. Al arribar al\u00a0Aeropuerto Mundo Maya en Pet\u00e9n nuestro representante los estar\u00e1 trasladando para as\u00ed visitar la Ciudad Maya de Tikal, sin duda el mejor exponente de la Cultura Maya Cl\u00e1sica. .\u00a0 El tiempo que toma viajar de Flores hacia Tikal es de 1 hora aproximadamente.\u00a0 A su llegada al sitio arqueol\u00f3gico de\u00a0Tikal, con su gu\u00eda podr\u00e1n visitar los principales templos y plazas de esta antigua civilizaci\u00f3n maya. Este parque cuenta con 576 kil\u00f3metros cuadrados, ofreciendo una combinaci\u00f3n de edificaciones monumentales, rodeados por abundante vegetaci\u00f3n y vida silvestre. Es muy com\u00fan poder ver tucanes, ocelotes, peque\u00f1os animales como el mono ara\u00f1a, monos aulladores y pizotes entre otros. Se pueden escalar estructuras como el templo IV, uno de los edificios prehisp\u00e1nicos m\u00e1s grandes de Am\u00e9rica (69 metros o\u00a0 230 pies de altura. Al finalizar la visita, les llevaremos a tomar un Almuerzo Campestre dentro del recinto arqueol\u00f3gico (INCLUIDO).\u00a0 A las 14:30 hrs., traslado hacia flores, la llegada est\u00e1 programada a las 16:00 hrs aprox. pudiendo elegir quedarse en el Aeropuerto o visitar por aproximadamente una hora la Isla de Flores y tomar alg\u00fan caf\u00e9 o refresco para luego a las 17:00 hrs. tomar un taxi desde el punto en el que se encuentre (NO INCLUIDO) hacia el aeropuerto Mundo Maya en Santa Elena.\u00a0 El trayecto es de 1km aprox.\u00a0 El vuelo de TAG hacia la Ciudad de Guatemala sale a las 18:30 hrs\u00a0 debiendo estar en el Aeropuerto a las 17:30 hrs.\u00a0 La opci\u00f3n elegida deber\u00e1 indicarla al Gu\u00eda a momento en que \u00e9l realice la consulta previa a llegar al Aeropuerto.\u00a0 A su llegada a Guatemala, los estaremos esperando para trasladarlos a su hotel.<\/p>\n\n<h4 class=\"has-normal-font-size\"><strong>RFT-17- TOUR A SITIO ARQUEOL\u00d3GICO COP\u00c1N<\/strong><\/h4>\n\n<p style=\"font-size: 12px;\">Nuestro gu\u00eda los estar\u00e1 recogiendo en el lobby de su hotel, para iniciar su viaje con destino a la Ciudad Maya de Cop\u00e1n.\u00a0 Tomaran la carretera hacia la frontera con Honduras, El Florido.\u00a0 Al llegar a la Ciudad Maya de Copan, tendr\u00e1n su tour dentro del sitio visitando los principales templos, plazas y juego de pelota.\u00a0 Al t\u00e9rmino del Tour, regresaran por la misma ruta\u00a0 directamente hasta su Hotel.\u00a0 M\u00ednimo 2 personas.<\/p>\n\n<h4 class=\"has-normal-font-size\"><strong>RFT-18- TOUR AL <\/strong><strong>LAGO<\/strong><strong> DE ATITL\u00c1N<\/strong><\/h4>\n\n<p style=\"font-size: 12px;\">Nuestro representante los estar\u00e1 recogiendo en el lobby de su hotel, para iniciar su viaje hacia el altiplano de Guatemala, el tiempo de camino ser\u00e1 de aproximadamente tres horas.\u00a0 A su llegada nuestro gu\u00eda local les estar\u00e1 dando la bienvenida\u00a0 y as\u00ed \u00a0iniciar con el Tour, visitar\u00e1n tres de los pueblos alrededor del Lago, incluyendo Santiago Atitl\u00e1n, pintoresco pueblo de la etnia Tzutuhil y tierra de los m\u00e1s laboriosos artesanos y pintores nativos, visitar\u00e1n el mercado de Artesan\u00edas famoso por sus textiles, pinturas primitivistas y esculturas en madera le robar\u00e1 su atenci\u00f3n conocer\u00e1 la Iglesia de la localidad as\u00ed como la cofrad\u00eda del santo pagano Maxim\u00f3n.\u00a0Al finalizar la visita les estaremos regresando a Panajachel. A la hora indicada, estaremos iniciando con el traslado hacia la Antigua Guatemala, directamente a su Hotel.<strong><br \/><\/strong><\/p>\n\n<h4 class=\"has-normal-font-size\"><strong>RFT-19- MERCADO DE CHICHICASTENANGO (jueves y domingo)<\/strong><\/h4>\n\n<p style=\"font-size: 12px;\">Nuestro representante les estar\u00e1 recogiendo en el lobby de su hotel, para iniciar su traslado hacia el pueblo de Chichicastenango. El tiempo de camino ser\u00e1 de aproximadamente tres horas.\u00a0A su llegada nuestro gu\u00eda local les estar\u00e1 recibiendo para iniciar con su visita por los principales lugares, mostrarles la multiculturalidad con que cuenta dicho pueblo, su Templo de Santo Tom\u00e1s, donde se pueden llegar a presenciar ceremonias ancestrales y el mercado del Pueblo que hasta ahora es uno de los mayores e importantes mercados de toda Guatemala y sin duda el m\u00e1s famoso de origen quich\u00e9 maya.\u00a0Al finalizar el tour el gu\u00eda les estar\u00e1 dando la sugerencia d\u00f3nde poder tomar el almuerzo (NO INCLUIDO). A la hora indicada, estaremos\u00a0 A la hora indicada regreso a la ciudad, directamente a su Hotel.<strong><br \/><\/strong><\/p>\n\n<h4 class=\"has-normal-font-size\"><strong>RFT-20- LAGO DE ATITL\u00c1N &amp; MERCADO DE CHICHICASTENANGO (jueves y domingo)<\/strong><\/h4>\n\n<p style=\"font-size: 12px;\">Nuestro representante los estar\u00e1 recogiendo en el lobby de su hotel, para iniciar su viaje hacia el altiplano de Guatemala.\u00a0 Se conducir\u00e1n por la carretera Panamericana hasta llegar a Chichicastenango, en donde visitar\u00e1n el Mercado al aire libre de este pintoresco lugar.\u00a0 A la hora indicada se trasladar\u00e1n hacia Panajachel, a orillas del Lago Atitl\u00e1n.\u00a0 Tendr\u00e1n tiempo para disfrutar las vistas del Lago Atitl\u00e1n o bien comprar alguna artesan\u00eda en la Calle Santander.\u00a0\u00a0 A la hora indicada, regreso a la ciudad.<\/p>\n\t\t\t\t\t\t\t\t<\/div>\n\t\t\t\t<\/div>\n\t\t\t\t\t<\/div>\n\t\t<\/div>\n\t\t\t\t\t<\/div>\n\t\t<\/section>\n\t\t\t\t<\/div>\n\t\t","protected":false},"excerpt":{"rendered":"<p>Visitas de d\u00eda completo RFT-16- ONE DAY TOUR TIKAL Nuestro representante les estar\u00e1 buscando en el Lobby del Hotel para iniciar con el traslado hacia el Aeropuerto Nacional, para abordar el vuelo de Transporte A\u00e9reos Guatemaltecos -TAG- , con destino a Flores, Peten que sale a las 06:30 hrs. Al arribar al\u00a0Aeropuerto Mundo Maya en [&hellip;]<\/p>\n","protected":false},"author":2,"featured_media":0,"parent":0,"menu_order":0,"comment_status":"closed","ping_status":"closed","template":"elementor_header_footer","meta":{"site-sidebar-layout":"default","site-content-layout":"default","ast-site-content-layout":"default","site-content-style":"default","site-sidebar-style":"default","ast-global-header-display":"","ast-banner-title-visibility":"","ast-main-header-display":"","ast-hfb-above-header-display":"","ast-hfb-below-header-display":"","ast-hfb-mobile-header-display":"","site-post-title":"","ast-breadcrumbs-content":"","ast-featured-img":"","footer-sml-layout":"","ast-disable-related-posts":"","theme-transparent-header-meta":"default","adv-header-id-meta":"","stick-header-meta":"","header-above-stick-meta":"","header-main-stick-meta":"","header-below-stick-meta":"","astra-migrate-meta-layouts":"default","ast-page-background-enabled":"default","ast-page-background-meta":{"desktop":{"background-color":"var(--ast-global-color-4)","background-image":"","background-repeat":"repeat","background-position":"center center","background-size":"auto","background-attachment":"scroll","background-type":"","background-media":"","overlay-type":"","overlay-color":"","overlay-opacity":"","overlay-gradient":""},"tablet":{"background-color":"","background-image":"","background-repeat":"repeat","background-position":"center center","background-size":"auto","background-attachment":"scroll","background-type":"","background-media":"","overlay-type":"","overlay-color":"","overlay-opacity":"","overlay-gradient":""},"mobile":{"background-color":"","background-image":"","background-repeat":"repeat","background-position":"center center","background-size":"auto","background-attachment":"scroll","background-type":"","background-media":"","overlay-type":"","overlay-color":"","overlay-opacity":"","overlay-gradient":""}},"ast-content-background-meta":{"desktop":{"background-color":"var(--ast-global-color-5)","background-image":"","background-repeat":"repeat","background-position":"center center","background-size":"auto","background-attachment":"scroll","background-type":"","background-media":"","overlay-type":"","overlay-color":"","overlay-opacity":"","overlay-gradient":""},"tablet":{"background-color":"var(--ast-global-color-5)","background-image":"","background-repeat":"repeat","background-position":"center center","background-size":"auto","background-attachment":"scroll","background-type":"","background-media":"","overlay-type":"","overlay-color":"","overlay-opacity":"","overlay-gradient":""},"mobile":{"background-color":"var(--ast-global-color-5)","background-image":"","background-repeat":"repeat","background-position":"center center","background-size":"auto","background-attachment":"scroll","background-type":"","background-media":"","overlay-type":"","overlay-color":"","overlay-opacity":"","overlay-gradient":""}},"footnotes":""},"class_list":["post-707","page","type-page","status-publish","hentry"],"_links":{"self":[{"href":"https:\/\/rainforestguate.com\/rfg\/wp-json\/wp\/v2\/pages\/707","targetHints":{"allow":["GET"]}}],"collection":[{"href":"https:\/\/rainforestguate.com\/rfg\/wp-json\/wp\/v2\/pages"}],"about":[{"href":"https:\/\/rainforestguate.com\/rfg\/wp-json\/wp\/v2\/types\/page"}],"author":[{"embeddable":true,"href":"https:\/\/rainforestguate.com\/rfg\/wp-json\/wp\/v2\/users\/2"}],"replies":[{"embeddable":true,"href":"https:\/\/rainforestguate.com\/rfg\/wp-json\/wp\/v2\/comments?post=707"}],"version-history":[{"count":6,"href":"https:\/\/rainforestguate.com\/rfg\/wp-json\/wp\/v2\/pages\/707\/revisions"}],"predecessor-version":[{"id":955,"href":"https:\/\/rainforestguate.com\/rfg\/wp-json\/wp\/v2\/pages\/707\/revisions\/955"}],"wp:attachment":[{"href":"https:\/\/rainforestguate.com\/rfg\/wp-json\/wp\/v2\/media?parent=707"}],"curies":[{"name":"wp","href":"https:\/\/api.w.org\/{rel}","templated":true}]}}