{"id":692,"date":"2020-10-20T17:33:54","date_gmt":"2020-10-20T17:33:54","guid":{"rendered":"https:\/\/rainforestguate.com\/rfg\/?page_id=692"},"modified":"2020-10-20T17:36:00","modified_gmt":"2020-10-20T17:36:00","slug":"visitas-medio-dia","status":"publish","type":"page","link":"https:\/\/rainforestguate.com\/rfg\/visitas-medio-dia\/","title":{"rendered":"Visitas Medio D\u00eda"},"content":{"rendered":"\t\t<div data-elementor-type=\"wp-page\" data-elementor-id=\"692\" class=\"elementor elementor-692\">\n\t\t\t\t\t\t<section class=\"elementor-section elementor-top-section elementor-element elementor-element-cc31a3c elementor-section-boxed elementor-section-height-default elementor-section-height-default\" data-id=\"cc31a3c\" data-element_type=\"section\" data-e-type=\"section\">\n\t\t\t\t\t\t<div class=\"elementor-container elementor-column-gap-default\">\n\t\t\t\t\t<div class=\"elementor-column elementor-col-100 elementor-top-column elementor-element elementor-element-27a248aa\" data-id=\"27a248aa\" data-element_type=\"column\" data-e-type=\"column\">\n\t\t\t<div class=\"elementor-widget-wrap elementor-element-populated\">\n\t\t\t\t\t\t<div class=\"elementor-element elementor-element-d22f799 elementor-widget elementor-widget-image\" data-id=\"d22f799\" data-element_type=\"widget\" data-e-type=\"widget\" data-widget_type=\"image.default\">\n\t\t\t\t<div class=\"elementor-widget-container\">\n\t\t\t\t\t\t\t\t\t\t\t\t\t\t\t<img decoding=\"async\" src=\"https:\/\/rainforestguate.com\/rfg\/wp-content\/uploads\/2020\/10\/Lago-Atitlan-1-1.jpg\" title=\"\" alt=\"\" loading=\"lazy\" \/>\t\t\t\t\t\t\t\t\t\t\t\t\t\t\t<\/div>\n\t\t\t\t<\/div>\n\t\t\t\t<div class=\"elementor-element elementor-element-516b870 elementor-widget elementor-widget-heading\" data-id=\"516b870\" data-element_type=\"widget\" data-e-type=\"widget\" data-widget_type=\"heading.default\">\n\t\t\t\t<div class=\"elementor-widget-container\">\n\t\t\t\t\t<h2 class=\"elementor-heading-title elementor-size-default\">visitas de medio d\u00eda<\/h2>\t\t\t\t<\/div>\n\t\t\t\t<\/div>\n\t\t\t\t<div class=\"elementor-element elementor-element-76562a5c elementor-widget elementor-widget-text-editor\" data-id=\"76562a5c\" data-element_type=\"widget\" data-e-type=\"widget\" data-widget_type=\"text-editor.default\">\n\t\t\t\t<div class=\"elementor-widget-container\">\n\t\t\t\t\t\t\t\t\t\n<h4 class=\"has-normal-font-size wp-block-heading\"><strong><span class=\"has-inline-color has-black-color\">RFT -01- ANTIGUA GUATEMALA<\/span><\/strong><\/h4>\n\n<p style=\"font-size: 12px;\"><span class=\"has-inline-color has-black-color\">Nuestro gu\u00eda local les estar\u00e1 buscando en el lobby del Hotel para facilitarle la experiencia de caminar por la Ciudad de la Antigua Guatemala, \u201cMonumento Colonial de Am\u00e9rica\u201d.\u00a0 Los monumentos que estar\u00e1n visitando son La Plaza Central, El Palacio del Ayuntamiento, Las Ruinas de San Jos\u00e9 Catedral, El Parque del Tanque La Uni\u00f3n, El Santuario de San Francisco y su Museo, as\u00ed como el Convento e Iglesia de La Merced, concluyendo al visitar el Arco de Santa Catalina. \u00a0Tiempo aproximado de la visita, tres horas y media.<\/span><\/p>\n\n<h4 class=\"has-normal-font-size wp-block-heading\"><strong>RFT -02- TOUR DEL ATARDECER EN LA ANTIGUA<\/strong><\/h4>\n\n<p style=\"font-size: 12px;\">A las 16:00 horas nuestro gu\u00eda los estar\u00e1 recogiendo en el lobby de su hotel para iniciar el recorrido por esta ciudad colonial que conserva un estilo propio y cuya belleza e historia la hacen uno de los destinos tur\u00edsticos m\u00e1s visitados de Guatemala.\u00a0 Observando y disfrutando de los diferentes matices de los impresionantes atardeceres que se pueden observar desde diferentes puntos o caminando por sus rom\u00e1nticas calles empedradas, podr\u00e1 descubrir el encanto que hace de La Antigua Guatemala una ciudad \u00fanica en el mundo.<\/p>\n\n<h4 class=\"has-normal-font-size\"><strong>RFT -03- TOUR DE PUEBLOS ALREDEDOR DE LA ANTIGUA<\/strong><\/h4>\n\n<p style=\"font-size: 12px;\">Nuestro gu\u00eda les estar\u00e1 recogiendo en el lobby del hotel, e iniciar\u00e1n la visita por los principales pueblos alrededor de la Ciudad.\u00a0 Se inicia en San Juan del Obispo, en donde se encuentra el primer convento de Guatemala, continuando al llegar a la plaza e Iglesia en San Pedro Las Huertas. Seguidamente visitar\u00e1n la segunda Capital de Guatemala, Ciudad Vieja, en donde tuvo su casa Do\u00f1a Beatriz de la Cueva, quien muri\u00f3 en el deslave del Volc\u00e1n de Agua.\u00a0 Para concluir en el pueblo de San Antonio Aguas Calientes, famoso por sus textiles y tejidos.\u00a0 Tiempo aproximado de la visita, tres horas y media.<\/p>\n\n<h4 class=\"has-normal-font-size\"><strong>RFT -04- TOUR DEL CAF\u00c9 REGULAR<\/strong><\/h4>\n\n<p style=\"font-size: 12px;\">El tour ser\u00e1 ofrecido en Finca Filadelfia, en donde el visitante aprender\u00e1 sobre el Caf\u00e9 desde la plantaci\u00f3n hasta la taza. Conocer\u00e1 la historia, el cultivo y el procesamiento del Caf\u00e9 en la Finca. En una caminata se visita el vivero y la plantaci\u00f3n de caf\u00e9, seguidamente se hace un recorrido por el beneficio h\u00famedo y los patios del secado, el beneficio seco y el \u00e1rea de clasificaci\u00f3n manual. M\u00e1s tarde visitar\u00e1n la tostadur\u00eda y el \u00e1rea de empaque, cerrando con el laboratorio de cataci\u00f3n. El tour finaliza degustando una taza de caf\u00e9.\u00a0 Duraci\u00f3n aproximada 1h. 45 m\u00ednimos.<\/p>\n\n<h4 class=\"has-normal-font-size\"><strong>RFT -05- TOUR DEL CAF\u00c9 PRIVADO<\/strong><\/h4>\n\n<p style=\"font-size: 12px;\">Nuestro representante les estar\u00e1 recogiendo en el lobby de su hotel, para iniciar su viaje a una plantaci\u00f3n de Caf\u00e9, en donde podr\u00e1n apreciar todo el proceso para poder obtener esta deliciosa bebida.\u00a0 Durante la visita, observar\u00e1n como se siembra, se cosecha y se procesa el caf\u00e9.\u00a0 Tiempo aproximado de la visita, dos horas y media.<\/p>\n\n<h4 class=\"has-normal-font-size\"><strong>RFT -06- TOUR DEL CAF\u00c9 &amp; CANOPY PRIVADO<\/strong><\/h4>\n\n<p style=\"font-size: 12px;\">A la hora indicada les estaremos buscando en el Lobby de su Hotel donde les estaremos trasladando hacia Finca Filadelfia para que puedan realizar la visita a la plantaci\u00f3n de Caf\u00e9, as\u00ed como para que puedan ser instruidos en los diferentes procesos por los que pasa el grano de caf\u00e9, hasta obtener el producto final. Al finalizar la visita les estaremos trasladando hacia el \u00e1rea del Canopy, en donde podr\u00e1n disfrutar de \u00e9sta actividad extrema con las medidas de seguridad requeridas para que puedan ser disfrutado de la mejor manera. El tiempo aproximado de la visita ser\u00e1 de 4 horas. Al finalizar la visita estar\u00e1n regresando nuevamente a su Hotel.<\/p>\n\n<h4 class=\"has-normal-font-size\"><strong>RFT -07- TOUR DE MIRADORES<\/strong><\/h4>\n\n<p style=\"font-size: 12px;\">Nuestro Gu\u00eda local les estar\u00e1 buscando en el Lobby de su Hotel para poder dar inicio con su recorrido hacia tres de los miradores m\u00e1s especiales de la Ciudad de La Antigua Guatemala, pudiendo as\u00ed apreciar su panor\u00e1mica desde tres puntos diferentes, iniciaremos por lo que antes era el Cerro del Manchen, ahora conocido como el Cerro de la Cruz, despu\u00e9s, su gu\u00eda les estar\u00e1 trasladando hacia el Este de la Ciudad de Antigua para continuar con su visita al Cerro Santo Domingo pudiendo as\u00ed apreciar otra vista de la Ciudad, al finalizar, les estaremos trasladando hacia el Sur, donde podr\u00e1n apreciar la panor\u00e1mica desde San Juan del Obispo. Al finalizar el Tour los estaremos regresando hacia su Hotel en La Antigua Guatemala. Duraci\u00f3n aproximada de la visita 2 horas.<\/p>\n\n<h4 class=\"has-normal-font-size\"><strong>RFT -08- VISITA AL CERRO DE LA CRUZ<\/strong><\/h4>\n\n<p style=\"font-size: 12px;\">Nuestro gu\u00eda local, les estar\u00e1 buscando en el Lobby de su Hotel para poder dar inicio con la caminata hacia el Cerro de la Cruz, en donde podr\u00e1n disfrutar una vista panor\u00e1mica de lo que es la Ciudad de La Antigua Guatemala, as\u00ed como los Volcanes. Esta visita puede durar alrededor de 1 hora y 30 minutos aproximadamente.<\/p>\n\n<h4 class=\"has-normal-font-size\"><strong>RFT -09- VISITA A CASAS COLONIALES<\/strong><\/h4>\n\n<p style=\"font-size: 12px;\">Su gu\u00eda local les estar\u00e1 buscando en el Lobby del Hotel para iniciar con la visita a dos Casas Coloniales y al Hotel Casa Santo Domingo. La Casa de los Leones, en donde actualmente se encuentra ubicado el Hotel Posada de Don Rodrigo. La Casa de los Sue\u00f1os, en donde se encuentra ubicado el Hotel con el mismo nombre, finalizando con una visita guiada por las instalaciones del Hotel Cada Santo Domingo. Esta visita puede durar aproximadamente 2 Horas.<\/p>\n\n<h4 class=\"has-normal-font-size\"><strong>RFT -10- VISITA DE FINCAS<\/strong><\/h4>\n\n<p style=\"font-size: 12px;\">Nuestro representante les estar\u00e1 buscando en el Lobby del Hotel para dar inicio al traslado hacia la Finca y Plantaci\u00f3n\u00a0 \u201cBella Vista\u201d. Al finalizar \u00e9sta visita les estaremos facilitando el traslado hacia la Finca de Plantaci\u00f3n de Nuez de Macadamia \u201cValhalla\u201d. Al concluir la visita, les estaremos trasladando de regreso hacia su Hotel en Antigua. Esta visita puede durar aproximadamente 2h 30min.<\/p>\n\n<h4 class=\"has-normal-font-size\"><strong>RFT -11- TOUR DE CABALLOS<\/strong><\/h4>\n\n<p style=\"font-size: 12px;\">Nuestro representante les estar\u00e1 buscando en el Lobby del Hotel para poder iniciar con el traslado hacia el establo, en donde su gu\u00eda local les estar\u00e1 esperando para iniciar con la cabalgata por las faldas del Volc\u00e1n de Agua. Al finalizar la visita, les estaremos trasladando de vuelta hacia su Hotel en Antigua.<\/p>\n\n<h4 class=\"has-normal-font-size\"><strong>RFT-12- TOUR A LA CIUDAD DE GUATEMALA<\/strong><\/h4>\n\n<p style=\"font-size: 12px;\">Nuestro gu\u00eda les estar\u00e1 recogiendo en el lobby de su hotel, para iniciar su viaje a la Ciudad de Guatemala, en donde visitaran La Plaza de La Constituci\u00f3n, La Catedral Metropolitana, El Mapa en Relieve, as\u00ed como el Museo Ixchel del Traje Ind\u00edgena.\u00a0 Tiempo aproximado de la visita cinco horas.<\/p>\n\n<h4 class=\"has-normal-font-size\"><strong>RFT-13- VISITA AL VOLC\u00c1N DE PACAYA<\/strong><\/h4>\n\n<p style=\"font-size: 12px;\">Nuestro representante les recoger\u00e1 en el lobby del Hotel para as\u00ed trasladarlos\u00a0 hacia San Francisco de Sales, en donde nuestro gu\u00eda local les estar\u00e1 esperando para iniciar la visita al Volc\u00e1n Pacaya. Desde ah\u00ed comenzaremos un ascenso de escasa dificultad. Tras una hora de caminata, nos encontraremos a 100 metros del cr\u00e1ter de uno de los cuatro volcanes activos de Guatemala.\u00a0 Salidas diarias: 06:00 am y 14:00 hrs.<\/p>\n\n<h4 class=\"has-normal-font-size\"><strong>RFT-14- VISITA AL VOLC\u00c1N DE ACATENANGO<\/strong><\/h4>\n\n<p style=\"font-size: 12px;\">Nuestro representante les recoger\u00e1 en el lobby del Hotel a las 5:00 am, para trasladarlos\u00a0hacia el pueblo de \u201cLa Soledad\u201d, en donde nuestro gu\u00eda local les estar\u00e1 esperando para iniciar con la caminata hacia la cumbre y cr\u00e1ter del Volc\u00e1n Acatenango. La caminata exige una buena condici\u00f3n f\u00edsica, ya que el acenso es demandante.\u00a0 El tiempo de acenso es de aproximadamente de 5 a 6 horas, alcanzando una altura de 3,976 metros sobre el nivel del mar.\u00a0 Al regreso, les estaremos esperando para facilitar el traslado de vuelta hacia La Antigua Guatemala.<\/p>\n\n<h4 class=\"has-normal-font-size\"><strong>RFT -15- LA RUTA DEL AGUA<\/strong><\/h4>\n\n<p style=\"font-size: 12px;\">Nuestro representante le estar\u00e1 buscando en el Lobby de su Hotel para trasladarlos a San Crist\u00f3bal El Alto a su llegada iniciar\u00e1n la caminata, de dificultad media, para conocer la monta\u00f1a de San Crist\u00f3bal El Alto, su fauna, su flora y como destino principal llegaremos a uno de los nacimientos de agua que surten las pilas de la Aldea.\u00a0 Duraci\u00f3n aproximada: 4 horas.<\/p>\n\t\t\t\t\t\t\t\t<\/div>\n\t\t\t\t<\/div>\n\t\t\t\t\t<\/div>\n\t\t<\/div>\n\t\t\t\t\t<\/div>\n\t\t<\/section>\n\t\t\t\t<\/div>\n\t\t","protected":false},"excerpt":{"rendered":"<p>visitas de medio d\u00eda RFT -01- ANTIGUA GUATEMALA Nuestro gu\u00eda local les estar\u00e1 buscando en el lobby del Hotel para facilitarle la experiencia de caminar por la Ciudad de la Antigua Guatemala, \u201cMonumento Colonial de Am\u00e9rica\u201d.\u00a0 Los monumentos que estar\u00e1n visitando son La Plaza Central, El Palacio del Ayuntamiento, Las Ruinas de San Jos\u00e9 Catedral, [&hellip;]<\/p>\n","protected":false},"author":2,"featured_media":0,"parent":0,"menu_order":0,"comment_status":"closed","ping_status":"closed","template":"elementor_header_footer","meta":{"site-sidebar-layout":"default","site-content-layout":"default","ast-site-content-layout":"default","site-content-style":"default","site-sidebar-style":"default","ast-global-header-display":"","ast-banner-title-visibility":"","ast-main-header-display":"","ast-hfb-above-header-display":"","ast-hfb-below-header-display":"","ast-hfb-mobile-header-display":"","site-post-title":"","ast-breadcrumbs-content":"","ast-featured-img":"","footer-sml-layout":"","ast-disable-related-posts":"","theme-transparent-header-meta":"default","adv-header-id-meta":"","stick-header-meta":"","header-above-stick-meta":"","header-main-stick-meta":"","header-below-stick-meta":"","astra-migrate-meta-layouts":"default","ast-page-background-enabled":"default","ast-page-background-meta":{"desktop":{"background-color":"var(--ast-global-color-4)","background-image":"","background-repeat":"repeat","background-position":"center center","background-size":"auto","background-attachment":"scroll","background-type":"","background-media":"","overlay-type":"","overlay-color":"","overlay-opacity":"","overlay-gradient":""},"tablet":{"background-color":"","background-image":"","background-repeat":"repeat","background-position":"center center","background-size":"auto","background-attachment":"scroll","background-type":"","background-media":"","overlay-type":"","overlay-color":"","overlay-opacity":"","overlay-gradient":""},"mobile":{"background-color":"","background-image":"","background-repeat":"repeat","background-position":"center center","background-size":"auto","background-attachment":"scroll","background-type":"","background-media":"","overlay-type":"","overlay-color":"","overlay-opacity":"","overlay-gradient":""}},"ast-content-background-meta":{"desktop":{"background-color":"var(--ast-global-color-5)","background-image":"","background-repeat":"repeat","background-position":"center center","background-size":"auto","background-attachment":"scroll","background-type":"","background-media":"","overlay-type":"","overlay-color":"","overlay-opacity":"","overlay-gradient":""},"tablet":{"background-color":"var(--ast-global-color-5)","background-image":"","background-repeat":"repeat","background-position":"center center","background-size":"auto","background-attachment":"scroll","background-type":"","background-media":"","overlay-type":"","overlay-color":"","overlay-opacity":"","overlay-gradient":""},"mobile":{"background-color":"var(--ast-global-color-5)","background-image":"","background-repeat":"repeat","background-position":"center center","background-size":"auto","background-attachment":"scroll","background-type":"","background-media":"","overlay-type":"","overlay-color":"","overlay-opacity":"","overlay-gradient":""}},"footnotes":""},"class_list":["post-692","page","type-page","status-publish","hentry"],"_links":{"self":[{"href":"https:\/\/rainforestguate.com\/rfg\/wp-json\/wp\/v2\/pages\/692","targetHints":{"allow":["GET"]}}],"collection":[{"href":"https:\/\/rainforestguate.com\/rfg\/wp-json\/wp\/v2\/pages"}],"about":[{"href":"https:\/\/rainforestguate.com\/rfg\/wp-json\/wp\/v2\/types\/page"}],"author":[{"embeddable":true,"href":"https:\/\/rainforestguate.com\/rfg\/wp-json\/wp\/v2\/users\/2"}],"replies":[{"embeddable":true,"href":"https:\/\/rainforestguate.com\/rfg\/wp-json\/wp\/v2\/comments?post=692"}],"version-history":[{"count":10,"href":"https:\/\/rainforestguate.com\/rfg\/wp-json\/wp\/v2\/pages\/692\/revisions"}],"predecessor-version":[{"id":705,"href":"https:\/\/rainforestguate.com\/rfg\/wp-json\/wp\/v2\/pages\/692\/revisions\/705"}],"wp:attachment":[{"href":"https:\/\/rainforestguate.com\/rfg\/wp-json\/wp\/v2\/media?parent=692"}],"curies":[{"name":"wp","href":"https:\/\/api.w.org\/{rel}","templated":true}]}}