{"id":688,"date":"2020-10-20T16:17:08","date_gmt":"2020-10-20T16:17:08","guid":{"rendered":"https:\/\/rainforestguate.com\/rfg\/?page_id=688"},"modified":"2023-01-27T21:31:40","modified_gmt":"2023-01-27T21:31:40","slug":"viajar-protegidos-y-seguros","status":"publish","type":"page","link":"https:\/\/rainforestguate.com\/rfg\/viajar-protegidos-y-seguros\/","title":{"rendered":"COVID-19"},"content":{"rendered":"\n<figure class=\"wp-block-image size-large is-resized\"><img fetchpriority=\"high\" decoding=\"async\" src=\"https:\/\/rainforestguate.com\/rfg\/wp-content\/uploads\/2020\/10\/RFT-logo-2-1024x807.jpg\" alt=\"\" class=\"wp-image-689\" width=\"366\" height=\"288\" srcset=\"https:\/\/rainforestguate.com\/rfg\/wp-content\/uploads\/2020\/10\/RFT-logo-2-1024x807.jpg 1024w, https:\/\/rainforestguate.com\/rfg\/wp-content\/uploads\/2020\/10\/RFT-logo-2-300x236.jpg 300w, https:\/\/rainforestguate.com\/rfg\/wp-content\/uploads\/2020\/10\/RFT-logo-2-768x605.jpg 768w, https:\/\/rainforestguate.com\/rfg\/wp-content\/uploads\/2020\/10\/RFT-logo-2.jpg 1043w\" sizes=\"(max-width: 366px) 100vw, 366px\" \/><\/figure>\n\n\n\n<p>Todo nuestro personal estar\u00e1 protegido utilizando mascarilla, careta, jab\u00f3n y gel antibacterial, alcohol al 70%, ox\u00edmetro y term\u00f3metro digital en casos particulares o que se requiera por parte de nuestros clientes.&nbsp; As\u00ed mismo, marcar\u00e1n el distanciamiento social en todo momento.<\/p>\n\n\n\n<p><strong>Para nuestros pasajeros:<\/strong><\/p>\n\n\n\n<ul class=\"wp-block-list\">\n<li>El uso de la mascarilla es estrictamente obligatorio durante todo el trayecto o lo que dure el tour.\n<ul class=\"wp-block-list\">\n<li>Mascarillas Quir\u00fargicas.<\/li>\n\n\n\n<li>Mascarillas Filtrantes FFP1, FFP2 y FFP3 o.<\/li>\n\n\n\n<li>Mascarillas higi\u00e9nicas o de barreras reutilizables y no reutilizables.<\/li>\n<\/ul>\n<\/li>\n\n\n\n<li>Sugerimos, si as\u00ed lo desea, utilizar pantalla protectora facial o gafas de protecci\u00f3n ocular, de tal cuenta podr\u00e1 garantizarse la distancia f\u00edsica recomendada, si as\u00ed lo desean.<\/li>\n\n\n\n<li>No recomendamos utilizar guantes de l\u00e1tex, vinilo o nitrilo, en su lugar, consideramos m\u00e1s eficaz utilizar gel antibacterial.<\/li>\n\n\n\n<li>Sugerimos utilizar sombrero o gorra, adem\u00e1s de que puedan llevar el pelo largo recogido.<\/li>\n\n\n\n<li>Utilizar calzado cerrado, no sandalias.<\/li>\n\n\n\n<li>Siempre llevar alcohol o gel antibacterial.<\/li>\n\n\n\n<li>De preferencia usar pantalones y Camisas mangas largas.<\/li>\n\n\n\n<li>Sugerimos que desinfecten mochila y utensilios necesarios para el tour.<\/li>\n\n\n\n<li>Limitar el uso carteras, cangureras, relojes, alhajas, cualquier tipo de bisuter\u00eda, etc.<\/li>\n\n\n\n<li>No se permitir\u00e1 que consuman alimentos y\/o bebidas, as\u00ed como compartir, entregar, u ofrecer art\u00edculos personales dentro del bus.&nbsp; Evitar el uso compartido de vasos, cucharas, botellas, o de cualquier utensilio para comer.&nbsp; Evitar el uso de pa\u00f1uelos de tela, mejor usar toallas o servilletas desechables.<\/li>\n\n\n\n<li>Sugerimos que puedan tener y llevar consigo un term\u00f3metro, el cual puede ser digital.<\/li>\n\n\n\n<li>Suplicamos respetar y mantener el distanciamiento social, evitando contacto f\u00edsico con las personas que se encuentren participando de la visita as\u00ed como dentro del bus.<\/li>\n\n\n\n<li>Estaremos solicitando puedan firmar un descargo de responsabilidad, donde declaran que est\u00e1n libres del COVID-19 y que se comprometen a seguir y respetar las disposiciones que se les indiquen.<\/li>\n<\/ul>\n\n\n\n<p><strong>Nuestros gu\u00edas y pilotos atender\u00e1n lo siguiente:<\/strong><\/p>\n\n\n\n<ul class=\"wp-block-list\">\n<li>No se podr\u00e1n retirar las mascarillas, la cual estar\u00e1n usando en todo momento.<\/li>\n\n\n\n<li>Estar\u00e1n utilizando gel antibacterial, para desinfectar las manos, frecuentemente.<\/li>\n\n\n\n<li>Tienen prohibido saludarles con la mano, manteniendo el distanciamiento social en todo momento.<\/li>\n\n\n\n<li>Tienen la instrucci\u00f3n de tomar la temperatura de manera frecuente, para tener un patr\u00f3n y control para cada pasajero.&nbsp; Suplicamos su colaboraci\u00f3n, ya que no se permitir\u00e1 que ninguna persona aborde el bus si tiene una temperatura mayor de 37.5 grados cent\u00edgrados.&nbsp; De encontrarnos con un cuadro como lo describimos anteriormente, se estar\u00e1 contactando de inmediato con las autoridades de salud, y se iniciar\u00e1n los protocolos que ellos tienen previstos para estos casos.<\/li>\n\n\n\n<li>Tendr\u00e1n la responsabilidad de evitar cualquier tipo de aglomeraciones en los diferentes atractivos y destinos tur\u00edsticos que visiten, respetando el distanciamiento social sugerido por las autoridades de salud.<\/li>\n\n\n\n<li>Se evitar\u00e1 entregar o intercambiar cualquier tipo de papeler\u00eda, por lo que los itinerarios e instrucciones trataremos de ofrecerlos de manera electr\u00f3nica, comparti\u00e9ndoselos por medio de mensaje de texto, correo electr\u00f3nico o mensaje de whattsapp.<\/li>\n<\/ul>\n\n\n\n<p><strong>Transporte<\/strong><\/p>\n\n\n\n<ul class=\"wp-block-list\">\n<li>Nuestros buses estar\u00e1n limpios y desinfectados antes de recogerles en su Hotel.<\/li>\n\n\n\n<li>Se estar\u00e1 desinfectando el equipaje de mano, con un atomizador que contiene alcohol al 70%.<\/li>\n\n\n\n<li>Todas las superficies del bus estar\u00e1n desinfectadas, asientos, cinturones de seguridad, puertas y sus manijas, barandillas, pomos.<\/li>\n\n\n\n<li>Para su tranquilidad y seguridad, nuestros gu\u00edas y pilotos utilizar\u00e1n los asientos delanteros.&nbsp; En la parte de atr\u00e1s, ustedes podr\u00e1n utilizar los asientos, siempre y cuando no sean los que se encuentran atr\u00e1s del piloto y gu\u00eda.<\/li>\n\n\n\n<li>El ingresar y salir del bus, solicitamos que puedan hacerlo de la siguiente manera:\n<ul class=\"wp-block-list\">\n<li>Ingreso: Se deber\u00e1n de colocar de atr\u00e1s hacia adelante.<\/li>\n\n\n\n<li>Salida: Deber\u00e1n de salir primero los que se encuentran en la parte delantera, hasta llegar a los \u00faltimos.<\/li>\n<\/ul>\n<\/li>\n\n\n\n<li>Podr\u00e1 encontrar un gel antibacterial dentro del bus para su tranquilidad, del cual podr\u00e1 hacer uso en el momento en que lo desee.<\/li>\n\n\n\n<li>Se tendr\u00e1n bolsas pl\u00e1sticas donde podr\u00e1n depositar la basura.<\/li>\n<\/ul>\n","protected":false},"excerpt":{"rendered":"<p>Todo nuestro personal estar\u00e1 protegido utilizando mascarilla, careta, jab\u00f3n y gel antibacterial, alcohol al 70%, ox\u00edmetro y term\u00f3metro digital en casos particulares o que se requiera por parte de nuestros clientes.&nbsp; As\u00ed mismo, marcar\u00e1n el distanciamiento social en todo momento. Para nuestros pasajeros: Nuestros gu\u00edas y pilotos atender\u00e1n lo siguiente: Transporte<\/p>\n","protected":false},"author":2,"featured_media":0,"parent":0,"menu_order":0,"comment_status":"closed","ping_status":"closed","template":"elementor_header_footer","meta":{"site-sidebar-layout":"default","site-content-layout":"default","ast-site-content-layout":"default","site-content-style":"default","site-sidebar-style":"default","ast-global-header-display":"","ast-banner-title-visibility":"","ast-main-header-display":"","ast-hfb-above-header-display":"","ast-hfb-below-header-display":"","ast-hfb-mobile-header-display":"","site-post-title":"","ast-breadcrumbs-content":"","ast-featured-img":"","footer-sml-layout":"","ast-disable-related-posts":"","theme-transparent-header-meta":"default","adv-header-id-meta":"","stick-header-meta":"","header-above-stick-meta":"","header-main-stick-meta":"","header-below-stick-meta":"","astra-migrate-meta-layouts":"default","ast-page-background-enabled":"default","ast-page-background-meta":{"desktop":{"background-color":"var(--ast-global-color-4)","background-image":"","background-repeat":"repeat","background-position":"center center","background-size":"auto","background-attachment":"scroll","background-type":"","background-media":"","overlay-type":"","overlay-color":"","overlay-opacity":"","overlay-gradient":""},"tablet":{"background-color":"","background-image":"","background-repeat":"repeat","background-position":"center center","background-size":"auto","background-attachment":"scroll","background-type":"","background-media":"","overlay-type":"","overlay-color":"","overlay-opacity":"","overlay-gradient":""},"mobile":{"background-color":"","background-image":"","background-repeat":"repeat","background-position":"center center","background-size":"auto","background-attachment":"scroll","background-type":"","background-media":"","overlay-type":"","overlay-color":"","overlay-opacity":"","overlay-gradient":""}},"ast-content-background-meta":{"desktop":{"background-color":"var(--ast-global-color-5)","background-image":"","background-repeat":"repeat","background-position":"center center","background-size":"auto","background-attachment":"scroll","background-type":"","background-media":"","overlay-type":"","overlay-color":"","overlay-opacity":"","overlay-gradient":""},"tablet":{"background-color":"var(--ast-global-color-5)","background-image":"","background-repeat":"repeat","background-position":"center center","background-size":"auto","background-attachment":"scroll","background-type":"","background-media":"","overlay-type":"","overlay-color":"","overlay-opacity":"","overlay-gradient":""},"mobile":{"background-color":"var(--ast-global-color-5)","background-image":"","background-repeat":"repeat","background-position":"center center","background-size":"auto","background-attachment":"scroll","background-type":"","background-media":"","overlay-type":"","overlay-color":"","overlay-opacity":"","overlay-gradient":""}},"footnotes":""},"class_list":["post-688","page","type-page","status-publish","hentry"],"_links":{"self":[{"href":"https:\/\/rainforestguate.com\/rfg\/wp-json\/wp\/v2\/pages\/688","targetHints":{"allow":["GET"]}}],"collection":[{"href":"https:\/\/rainforestguate.com\/rfg\/wp-json\/wp\/v2\/pages"}],"about":[{"href":"https:\/\/rainforestguate.com\/rfg\/wp-json\/wp\/v2\/types\/page"}],"author":[{"embeddable":true,"href":"https:\/\/rainforestguate.com\/rfg\/wp-json\/wp\/v2\/users\/2"}],"replies":[{"embeddable":true,"href":"https:\/\/rainforestguate.com\/rfg\/wp-json\/wp\/v2\/comments?post=688"}],"version-history":[{"count":2,"href":"https:\/\/rainforestguate.com\/rfg\/wp-json\/wp\/v2\/pages\/688\/revisions"}],"predecessor-version":[{"id":1085,"href":"https:\/\/rainforestguate.com\/rfg\/wp-json\/wp\/v2\/pages\/688\/revisions\/1085"}],"wp:attachment":[{"href":"https:\/\/rainforestguate.com\/rfg\/wp-json\/wp\/v2\/media?parent=688"}],"curies":[{"name":"wp","href":"https:\/\/api.w.org\/{rel}","templated":true}]}}